{"id":3680,"date":"2022-10-14T20:48:07","date_gmt":"2022-10-14T20:48:07","guid":{"rendered":"https:\/\/www.neslogistics.com\/?page_id=3680"},"modified":"2022-10-14T20:49:23","modified_gmt":"2022-10-14T20:49:23","slug":"nasza-wizja","status":"publish","type":"page","link":"https:\/\/www.neslogistics.com\/pl\/nasza-wizja\/","title":{"rendered":"Nasza wizja"},"content":{"rendered":"\t\t<div data-elementor-type=\"wp-page\" data-elementor-id=\"3680\" class=\"elementor elementor-3680\">\n\t\t\t\t\t\t\t\t\t<section class=\"elementor-section elementor-top-section elementor-element elementor-element-186d1ffc elementor-section-boxed elementor-section-height-default elementor-section-height-default\" data-id=\"186d1ffc\" data-element_type=\"section\" data-settings=\"{&quot;background_background&quot;:&quot;classic&quot;}\">\n\t\t\t\t\t\t<div class=\"elementor-container elementor-column-gap-default\">\n\t\t\t\t\t<div class=\"elementor-column elementor-col-100 elementor-top-column elementor-element elementor-element-4f3acbc3\" data-id=\"4f3acbc3\" data-element_type=\"column\">\n\t\t\t<div class=\"elementor-widget-wrap elementor-element-populated\">\n\t\t\t\t\t\t\t\t<div class=\"elementor-element elementor-element-267efe8f elementor-widget elementor-widget-section-head\" data-id=\"267efe8f\" data-element_type=\"widget\" data-widget_type=\"section-head.default\">\n\t\t\t\t<div class=\"elementor-widget-container\">\n\t\t\t\t\t<div class=\"section-title s-section-title\">\r\n\t\t\t            <span class=\"wow \">WIZJA<\/span>\r\n                        <h2>\r\n            \t            \t<span class=\"tl1\" >nasza wizja<\/span>\r\n            \t            <\/h2>\r\n                        <h2 class=\"bg-title\">WIZJA<\/h2>\r\n        \t      <\/div>\r\n\t\t\t<\/div>\n\t\t\t\t<\/div>\n\t\t\t\t<div class=\"elementor-element elementor-element-6995863c elementor-widget elementor-widget-single-icon-item\" data-id=\"6995863c\" data-element_type=\"widget\" data-widget_type=\"single-icon-item.default\">\n\t\t\t\t<div class=\"elementor-widget-container\">\n\t\t\t\r\n      \t<div class=\"single-about-box text-center\">\r\n            <div class=\"about-box-icon\">\r\n               \t         \t\t<i class=\"fas fa-star\"><\/i>\r\n\t         \t            <\/div>\r\n            <div class=\"about-box-content typography_style\">\r\n               \t         \t<h4 >Jak Nes Logistyka<\/h4>\r\n\t         \t               <p >Kontynuujemy zrozumienie wizji, kt\u00f3re ustalili\u015bmy od pierwszego dnia naszego powstania. D\u0105\u017cymy do tego, aby by\u0107 najlepszym dostawc\u0105 w naszej dziedzinie, uwa\u017cnie \u015bledz\u0105c rozw\u00f3j technologii w dziedzinie logistyki i zaopatrzenia oraz posuwaj\u0105c si\u0119 naprz\u00f3d pewnymi krokami.<\/p>\r\n            <\/div>\r\n            <div class=\"watermark-icon\">\r\n           \t \t         \t\t<i class=\"about-hover-icon fas fa-star\"><\/i>\r\n\t         \t            <\/div>\r\n         <\/div>\r\n\r\n\t\t\t\t<\/div>\n\t\t\t\t<\/div>\n\t\t\t\t\t<\/div>\n\t\t<\/div>\n\t\t\t\t\t\t\t<\/div>\n\t\t<\/section>\n\t\t\t\t\t\t\t<\/div>\n\t\t","protected":false},"excerpt":{"rendered":"<p>WIZJA nasza wizja WIZJA Jak Nes Logistyka Kontynuujemy zrozumienie wizji, kt\u00f3re ustalili\u015bmy od pierwszego dnia naszego powstania. D\u0105\u017cymy do tego, aby by\u0107 najlepszym dostawc\u0105 w naszej dziedzinie, uwa\u017cnie \u015bledz\u0105c rozw\u00f3j technologii w dziedzinie logistyki i zaopatrzenia oraz posuwaj\u0105c si\u0119 naprz\u00f3d pewnymi krokami.<\/p>\n","protected":false},"author":1,"featured_media":0,"parent":0,"menu_order":0,"comment_status":"closed","ping_status":"closed","template":"page-template\/blank-page-sidebar.php","meta":{"footnotes":""},"class_list":["post-3680","page","type-page","status-publish","hentry"],"_links":{"self":[{"href":"https:\/\/www.neslogistics.com\/pl\/wp-json\/wp\/v2\/pages\/3680","targetHints":{"allow":["GET"]}}],"collection":[{"href":"https:\/\/www.neslogistics.com\/pl\/wp-json\/wp\/v2\/pages"}],"about":[{"href":"https:\/\/www.neslogistics.com\/pl\/wp-json\/wp\/v2\/types\/page"}],"author":[{"embeddable":true,"href":"https:\/\/www.neslogistics.com\/pl\/wp-json\/wp\/v2\/users\/1"}],"replies":[{"embeddable":true,"href":"https:\/\/www.neslogistics.com\/pl\/wp-json\/wp\/v2\/comments?post=3680"}],"version-history":[{"count":4,"href":"https:\/\/www.neslogistics.com\/pl\/wp-json\/wp\/v2\/pages\/3680\/revisions"}],"predecessor-version":[{"id":3685,"href":"https:\/\/www.neslogistics.com\/pl\/wp-json\/wp\/v2\/pages\/3680\/revisions\/3685"}],"wp:attachment":[{"href":"https:\/\/www.neslogistics.com\/pl\/wp-json\/wp\/v2\/media?parent=3680"}],"curies":[{"name":"wp","href":"https:\/\/api.w.org\/{rel}","templated":true}]}}