{"id":3679,"date":"2022-10-14T20:48:18","date_gmt":"2022-10-14T20:48:18","guid":{"rendered":"https:\/\/www.neslogistics.com\/?page_id=3679"},"modified":"2022-10-15T14:49:42","modified_gmt":"2022-10-15T14:49:42","slug":"nasza-misja","status":"publish","type":"page","link":"https:\/\/www.neslogistics.com\/pl\/nasza-misja\/","title":{"rendered":"Nasza misja"},"content":{"rendered":"\t\t<div data-elementor-type=\"wp-page\" data-elementor-id=\"3679\" class=\"elementor elementor-3679\">\n\t\t\t\t\t\t\t\t\t<section class=\"elementor-section elementor-top-section elementor-element elementor-element-1b52f5a4 elementor-section-boxed elementor-section-height-default elementor-section-height-default\" data-id=\"1b52f5a4\" data-element_type=\"section\" data-settings=\"{&quot;background_background&quot;:&quot;classic&quot;}\">\n\t\t\t\t\t\t<div class=\"elementor-container elementor-column-gap-default\">\n\t\t\t\t\t<div class=\"elementor-column elementor-col-100 elementor-top-column elementor-element elementor-element-6b92d7d6\" data-id=\"6b92d7d6\" data-element_type=\"column\">\n\t\t\t<div class=\"elementor-widget-wrap elementor-element-populated\">\n\t\t\t\t\t\t\t\t<div class=\"elementor-element elementor-element-6eaf17dd elementor-widget elementor-widget-section-head\" data-id=\"6eaf17dd\" data-element_type=\"widget\" data-widget_type=\"section-head.default\">\n\t\t\t\t<div class=\"elementor-widget-container\">\n\t\t\t\t\t<div class=\"section-title s-section-title\">\r\n\t\t\t            <span class=\"wow \">MISJA<\/span>\r\n                        <h2>\r\n            \t            \t<span class=\"tl1\" >Nasza misja<\/span>\r\n            \t            <\/h2>\r\n                        <h2 class=\"bg-title\">MISJA<\/h2>\r\n        \t      <\/div>\r\n\t\t\t<\/div>\n\t\t\t\t<\/div>\n\t\t\t\t<div class=\"elementor-element elementor-element-60138d35 elementor-widget elementor-widget-single-icon-item\" data-id=\"60138d35\" data-element_type=\"widget\" data-widget_type=\"single-icon-item.default\">\n\t\t\t\t<div class=\"elementor-widget-container\">\n\t\t\t\r\n      \t<div class=\"single-about-box text-center\">\r\n            <div class=\"about-box-icon\">\r\n               \t         \t\t<i class=\"fas fa-star\"><\/i>\r\n\t         \t            <\/div>\r\n            <div class=\"about-box-content typography_style\">\r\n               \t         \t<h4 >Jak Nes Logistyka<\/h4>\r\n\t         \t               <p >Nieustannie idziemy naprz\u00f3d z misj\u0105 kt\u00f3r\u0105 wyznaczyli\u015bmy dla siebie.  Zawsze idziemy do przodu z ide\u0105 bycia odpowiednim partnerem biznesowym dla potrzeb wszystkich naszych klient\u00f3w w procesach \u0142a\u0144cucha dostaw od obszar\u00f3w transportowych po obszary logistyczne.<\/p>\r\n            <\/div>\r\n            <div class=\"watermark-icon\">\r\n           \t \t         \t\t<i class=\"about-hover-icon fas fa-star\"><\/i>\r\n\t         \t            <\/div>\r\n         <\/div>\r\n\r\n\t\t\t\t<\/div>\n\t\t\t\t<\/div>\n\t\t\t\t\t<\/div>\n\t\t<\/div>\n\t\t\t\t\t\t\t<\/div>\n\t\t<\/section>\n\t\t\t\t\t\t\t<\/div>\n\t\t","protected":false},"excerpt":{"rendered":"<p>MISJA Nasza misja MISJA Jak Nes Logistyka Nieustannie idziemy naprz\u00f3d z misj\u0105 kt\u00f3r\u0105 wyznaczyli\u015bmy dla siebie. Zawsze idziemy do przodu z ide\u0105 bycia odpowiednim partnerem biznesowym dla potrzeb wszystkich naszych klient\u00f3w w procesach \u0142a\u0144cucha dostaw od obszar\u00f3w transportowych po obszary logistyczne.<\/p>\n","protected":false},"author":1,"featured_media":0,"parent":0,"menu_order":0,"comment_status":"closed","ping_status":"closed","template":"page-template\/blank-page-sidebar.php","meta":{"footnotes":""},"class_list":["post-3679","page","type-page","status-publish","hentry"],"_links":{"self":[{"href":"https:\/\/www.neslogistics.com\/pl\/wp-json\/wp\/v2\/pages\/3679","targetHints":{"allow":["GET"]}}],"collection":[{"href":"https:\/\/www.neslogistics.com\/pl\/wp-json\/wp\/v2\/pages"}],"about":[{"href":"https:\/\/www.neslogistics.com\/pl\/wp-json\/wp\/v2\/types\/page"}],"author":[{"embeddable":true,"href":"https:\/\/www.neslogistics.com\/pl\/wp-json\/wp\/v2\/users\/1"}],"replies":[{"embeddable":true,"href":"https:\/\/www.neslogistics.com\/pl\/wp-json\/wp\/v2\/comments?post=3679"}],"version-history":[{"count":10,"href":"https:\/\/www.neslogistics.com\/pl\/wp-json\/wp\/v2\/pages\/3679\/revisions"}],"predecessor-version":[{"id":3810,"href":"https:\/\/www.neslogistics.com\/pl\/wp-json\/wp\/v2\/pages\/3679\/revisions\/3810"}],"wp:attachment":[{"href":"https:\/\/www.neslogistics.com\/pl\/wp-json\/wp\/v2\/media?parent=3679"}],"curies":[{"name":"wp","href":"https:\/\/api.w.org\/{rel}","templated":true}]}}