{"id":3650,"date":"2022-10-14T20:39:18","date_gmt":"2022-10-14T20:39:18","guid":{"rendered":"https:\/\/www.neslogistics.com\/?page_id=3650"},"modified":"2022-10-20T16:25:21","modified_gmt":"2022-10-20T16:25:21","slug":"lokalizacje","status":"publish","type":"page","link":"https:\/\/www.neslogistics.com\/pl\/lokalizacje\/","title":{"rendered":"Lokalizacje"},"content":{"rendered":"\t\t<div data-elementor-type=\"wp-page\" data-elementor-id=\"3650\" class=\"elementor elementor-3650\">\n\t\t\t\t\t\t\t\t\t<section class=\"elementor-section elementor-top-section elementor-element elementor-element-7a5d4d1 elementor-section-boxed elementor-section-height-default elementor-section-height-default\" data-id=\"7a5d4d1\" data-element_type=\"section\">\n\t\t\t\t\t\t<div class=\"elementor-container elementor-column-gap-default\">\n\t\t\t\t\t<div class=\"elementor-column elementor-col-16 elementor-top-column elementor-element elementor-element-7607d32\" data-id=\"7607d32\" data-element_type=\"column\">\n\t\t\t<div class=\"elementor-widget-wrap\">\n\t\t\t\t\t\t\t\t\t<\/div>\n\t\t<\/div>\n\t\t\t\t<div class=\"elementor-column elementor-col-66 elementor-top-column elementor-element elementor-element-5dcd98a\" data-id=\"5dcd98a\" data-element_type=\"column\">\n\t\t\t<div class=\"elementor-widget-wrap elementor-element-populated\">\n\t\t\t\t\t\t\t\t<div class=\"elementor-element elementor-element-549856c elementor-widget elementor-widget-section-head-two\" data-id=\"549856c\" data-element_type=\"widget\" data-widget_type=\"section-head-two.default\">\n\t\t\t\t<div class=\"elementor-widget-container\">\n\t\t\t\r\n\t\t<div class=\"section-title-three text-center\">\r\n\t\t\t            \t<span class=\"style3_subtitle\" >Logistyka Nes<\/span>\r\n             \r\n            \t            <h2>\r\n\t            \t\t            \t<span class=\"tl1\" >W jakich krajach jeste\u015bmy?<\/span>\r\n\t            \t\t            <\/h2>\r\n                        \t            <p>\r\n\t            \t\t            \t<span class=\"tl2\" >Jako Nes Logistics, nast\u0119puj\u0105ce kraje nale\u017c\u0105 do kraj\u00f3w, w kt\u00f3rych nasze us\u0142ugi s\u0105 kontynuowane dla zadowolenia naszych klient\u00f3w.<\/span>\r\n\t            \t\t            <\/p>\r\n                  <\/div>\r\n\t\t\t<\/div>\n\t\t\t\t<\/div>\n\t\t\t\t\t<\/div>\n\t\t<\/div>\n\t\t\t\t<div class=\"elementor-column elementor-col-16 elementor-top-column elementor-element elementor-element-72025ab\" data-id=\"72025ab\" data-element_type=\"column\">\n\t\t\t<div class=\"elementor-widget-wrap\">\n\t\t\t\t\t\t\t\t\t<\/div>\n\t\t<\/div>\n\t\t\t\t\t\t\t<\/div>\n\t\t<\/section>\n\t\t\t\t<section class=\"elementor-section elementor-top-section elementor-element elementor-element-67ae8ab elementor-section-boxed elementor-section-height-default elementor-section-height-default\" data-id=\"67ae8ab\" data-element_type=\"section\">\n\t\t\t\t\t\t<div class=\"elementor-container elementor-column-gap-default\">\n\t\t\t\t\t<div class=\"elementor-column elementor-col-33 elementor-top-column elementor-element elementor-element-3f66305\" data-id=\"3f66305\" data-element_type=\"column\">\n\t\t\t<div class=\"elementor-widget-wrap elementor-element-populated\">\n\t\t\t\t\t\t\t\t<div class=\"elementor-element elementor-element-0e8682d elementor-widget elementor-widget-location-box\" data-id=\"0e8682d\" data-element_type=\"widget\" data-widget_type=\"location-box.default\">\n\t\t\t\t<div class=\"elementor-widget-container\">\n\t\t\t\r\n\t\t    <div class=\"single-location-box-two text-center\">\r\n\t        <div class=\"location-box-content\">\r\n\t         \t\t\t            <div class=\"location-box-icon\">\r\n\t\t\t            <img decoding=\"async\" src=\"https:\/\/www.neslogistics.com\/wp-content\/uploads\/2022\/09\/turkey.png\" alt=\"img\">\r\n\t\t            <\/div>\r\n\t            \t            \t\t            <h4 >\r\n\t\t            \tTURCJA\t\t            <\/h4>\r\n\t         \t\t            \t<p >TURCJA , Jako NES Logistics kontynuujemy nasze us\u0142ugi w Turcji od ponad 20 lat z naszym magazynem o powierzchni 1500 m2 i zaawansowan\u0105 flot\u0105 transportow\u0105<\/p>\r\n\t\t        <div class=\"location-box-btn\">\r\n\t\t            <a href=\"\/pl\/iletisim\">Skontaktuj si\u0119 z nami <span><i class=\"fa fa-arrow-right\"><\/i><\/span><\/a>\r\n\t\t        <\/div>\r\n\t        <\/div>\r\n\t    <\/div>\r\n\r\n\t\r\n\t\t\t<\/div>\n\t\t\t\t<\/div>\n\t\t\t\t\t<\/div>\n\t\t<\/div>\n\t\t\t\t<div class=\"elementor-column elementor-col-33 elementor-top-column elementor-element elementor-element-02dc86b\" data-id=\"02dc86b\" data-element_type=\"column\">\n\t\t\t<div class=\"elementor-widget-wrap elementor-element-populated\">\n\t\t\t\t\t\t\t\t<div class=\"elementor-element elementor-element-242f2c7 elementor-widget elementor-widget-location-box\" data-id=\"242f2c7\" data-element_type=\"widget\" data-widget_type=\"location-box.default\">\n\t\t\t\t<div class=\"elementor-widget-container\">\n\t\t\t\r\n\t\t    <div class=\"single-location-box-two text-center\">\r\n\t        <div class=\"location-box-content\">\r\n\t         \t\t\t            <div class=\"location-box-icon\">\r\n\t\t\t            <img decoding=\"async\" src=\"https:\/\/www.neslogistics.com\/wp-content\/uploads\/2022\/09\/poland.png\" alt=\"img\">\r\n\t\t            <\/div>\r\n\t            \t            \t\t            <h4 >\r\n\t\t            \tPolska\t\t            <\/h4>\r\n\t         \t\t            \t<p >Regularnie co tydzie\u0144 \u015bwiadczymy kompleksowe i cz\u0119\u015bciowe us\u0142ugi Transportu Drogowego w zakresie importu i eksportu w\u0142asnymi oraz polskimi pojazdami <\/p>\r\n\t\t        <div class=\"location-box-btn\">\r\n\t\t            <a href=\"\/pl\/iletisim\">Skontaktuj si\u0119 z nami <span><i class=\"fa fa-arrow-right\"><\/i><\/span><\/a>\r\n\t\t        <\/div>\r\n\t        <\/div>\r\n\t    <\/div>\r\n\r\n\t\r\n\t\t\t<\/div>\n\t\t\t\t<\/div>\n\t\t\t\t\t<\/div>\n\t\t<\/div>\n\t\t\t\t<div class=\"elementor-column elementor-col-33 elementor-top-column elementor-element elementor-element-64a830b\" data-id=\"64a830b\" data-element_type=\"column\">\n\t\t\t<div class=\"elementor-widget-wrap elementor-element-populated\">\n\t\t\t\t\t\t\t\t<div class=\"elementor-element elementor-element-bd6c7a6 elementor-widget elementor-widget-location-box\" data-id=\"bd6c7a6\" data-element_type=\"widget\" data-widget_type=\"location-box.default\">\n\t\t\t\t<div class=\"elementor-widget-container\">\n\t\t\t\r\n\t\t    <div class=\"single-location-box-two text-center\">\r\n\t        <div class=\"location-box-content\">\r\n\t         \t\t\t            <div class=\"location-box-icon\">\r\n\t\t\t            <img decoding=\"async\" src=\"https:\/\/www.neslogistics.com\/wp-content\/uploads\/2022\/09\/czech-republic.png\" alt=\"img\">\r\n\t\t            <\/div>\r\n\t            \t            \t\t            <h4 >\r\n\t\t            \tRepublika Czeska\t\t            <\/h4>\r\n\t         \t\t            \t<p >Czechy podobnie jak i Polska nale\u017c\u0105 do kraj\u00f3w w kt\u00f3rych nasze us\u0142ugi s\u0105 kontynuowane z zachowaniem wysokiej jako\u015bci transportu aby zadowoli\u0107 naszych klient\u00f3w<\/p>\r\n\t\t        <div class=\"location-box-btn\">\r\n\t\t            <a href=\"\/pl\/iletisim\">Skontaktuj si\u0119 z nami <span><i class=\"fa fa-arrow-right\"><\/i><\/span><\/a>\r\n\t\t        <\/div>\r\n\t        <\/div>\r\n\t    <\/div>\r\n\r\n\t\r\n\t\t\t<\/div>\n\t\t\t\t<\/div>\n\t\t\t\t\t<\/div>\n\t\t<\/div>\n\t\t\t\t\t\t\t<\/div>\n\t\t<\/section>\n\t\t\t\t<section class=\"elementor-section elementor-top-section elementor-element elementor-element-225e5854 elementor-section-boxed elementor-section-height-default elementor-section-height-default\" data-id=\"225e5854\" data-element_type=\"section\" data-settings=\"{&quot;background_background&quot;:&quot;classic&quot;}\">\n\t\t\t\t\t\t\t<div class=\"elementor-background-overlay\"><\/div>\n\t\t\t\t\t\t\t<div class=\"elementor-container elementor-column-gap-default\">\n\t\t\t\t\t<div class=\"elementor-column elementor-col-100 elementor-top-column elementor-element elementor-element-454a2415\" data-id=\"454a2415\" data-element_type=\"column\">\n\t\t\t<div class=\"elementor-widget-wrap elementor-element-populated\">\n\t\t\t\t\t\t\t\t<section class=\"elementor-section elementor-inner-section elementor-element elementor-element-595488db elementor-section-boxed elementor-section-height-default elementor-section-height-default\" data-id=\"595488db\" data-element_type=\"section\">\n\t\t\t\t\t\t<div class=\"elementor-container elementor-column-gap-default\">\n\t\t\t\t\t<div class=\"elementor-column elementor-col-100 elementor-inner-column elementor-element elementor-element-1080b922\" data-id=\"1080b922\" data-element_type=\"column\">\n\t\t\t<div class=\"elementor-widget-wrap elementor-element-populated\">\n\t\t\t\t\t\t\t\t<div class=\"elementor-element elementor-element-522b0523 elementor-widget elementor-widget-counter\" data-id=\"522b0523\" data-element_type=\"widget\" data-widget_type=\"counter.default\">\n\t\t\t\t<div class=\"elementor-widget-container\">\n\t\t\t<style>\/*! elementor - v3.7.2 - 21-08-2022 *\/\n.elementor-counter .elementor-counter-number-wrapper{display:-webkit-box;display:-ms-flexbox;display:flex;font-size:69px;font-weight:600;line-height:1}.elementor-counter .elementor-counter-number-prefix,.elementor-counter .elementor-counter-number-suffix{-webkit-box-flex:1;-ms-flex-positive:1;flex-grow:1;white-space:pre-wrap}.elementor-counter .elementor-counter-number-prefix{text-align:right}.elementor-counter .elementor-counter-number-suffix{text-align:left}.elementor-counter .elementor-counter-title{text-align:center;font-size:19px;font-weight:400;line-height:2.5}<\/style>\t<div class=\"row counter-area\">\r\n\t<script type=\"text\/javascript\">\r\n\t   jQuery(document).ready(function(){\r\n\t\t\tjQuery('.count').counterUp({\r\n\t\t      delay: 10,\r\n\t\t      time: 2000\r\n\t\t   });\r\n\t   });\r\n\t<\/script> \r\n\t\r\n\t\t<div class=\"col-lg-3 col-sm-6 single-counter-item\">\r\n\t\t\t<div class=\"elementor-counter text-center geoport-counter\">\r\n\t\t\t\t\t\t\t\t\t<div class=\"counter-icon\">\r\n\t\t         \t\t<img decoding=\"async\" src=\"https:\/\/www.neslogistics.com\/wp-content\/uploads\/2022\/09\/road.png\" alt=\"icon\">\r\n\t\t        \t<\/div>\r\n\t\t      \t\t\t\t\t<div class=\"elementor-counter-number-wrapper\">\r\n\t\t\t\t\t<span class=\"elementor-counter-number-prefix\"><\/span>\r\n\t\t\t\t\t<span class=\"count\">52893<\/span>\r\n\t\t\t\t\t<span class=\"elementor-counter-number-suffix\">+<\/span>\r\n\t\t\t\t<\/div>\r\n\t\t\t\t\t\t\t\t\t<div class=\"elementor-counter-title\">Tysi\u0105c KM<\/div>\r\n\t\t\t\t\t\t\t<\/div>\r\n\t\t<\/div>\r\n\t\t\r\n\t\t<div class=\"col-lg-3 col-sm-6 single-counter-item\">\r\n\t\t\t<div class=\"elementor-counter text-center geoport-counter\">\r\n\t\t\t\t\t\t\t\t\t<div class=\"counter-icon\">\r\n\t\t         \t\t<img decoding=\"async\" src=\"https:\/\/www.neslogistics.com\/wp-content\/uploads\/2022\/09\/people.png\" alt=\"icon\">\r\n\t\t        \t<\/div>\r\n\t\t      \t\t\t\t\t<div class=\"elementor-counter-number-wrapper\">\r\n\t\t\t\t\t<span class=\"elementor-counter-number-prefix\"><\/span>\r\n\t\t\t\t\t<span class=\"count\">3786<\/span>\r\n\t\t\t\t\t<span class=\"elementor-counter-number-suffix\">+<\/span>\r\n\t\t\t\t<\/div>\r\n\t\t\t\t\t\t\t\t\t<div class=\"elementor-counter-title elementor-counter-title\">Zadowolony klient<\/div>\r\n\t\t\t\t\t\t\t<\/div>\r\n\t\t<\/div>\r\n\t\t\r\n\t\t<div class=\"col-lg-3 col-sm-6 single-counter-item\">\r\n\t\t\t<div class=\"elementor-counter text-center geoport-counter\">\r\n\t\t\t\t\t\t\t\t\t<div class=\"counter-icon\">\r\n\t\t         \t\t<img decoding=\"async\" src=\"https:\/\/www.neslogistics.com\/wp-content\/uploads\/2022\/09\/delivery-truck-3.png\" alt=\"icon\">\r\n\t\t        \t<\/div>\r\n\t\t      \t\t\t\t\t<div class=\"elementor-counter-number-wrapper\">\r\n\t\t\t\t\t<span class=\"elementor-counter-number-prefix\"><\/span>\r\n\t\t\t\t\t<span class=\"count\">12986<\/span>\r\n\t\t\t\t\t<span class=\"elementor-counter-number-suffix\">+<\/span>\r\n\t\t\t\t<\/div>\r\n\t\t\t\t\t\t\t\t\t<div class=\"elementor-counter-title elementor-counter-title elementor-counter-title\">Wczytaj przeniesiony<\/div>\r\n\t\t\t\t\t\t\t<\/div>\r\n\t\t<\/div>\r\n\t\t\r\n\t\t<div class=\"col-lg-3 col-sm-6 single-counter-item\">\r\n\t\t\t<div class=\"elementor-counter text-center geoport-counter\">\r\n\t\t\t\t\t\t\t\t\t<div class=\"counter-icon\">\r\n\t\t         \t\t<img decoding=\"async\" src=\"https:\/\/www.neslogistics.com\/wp-content\/uploads\/2022\/09\/warehouse-2.png\" alt=\"icon\">\r\n\t\t        \t<\/div>\r\n\t\t      \t\t\t\t\t<div class=\"elementor-counter-number-wrapper\">\r\n\t\t\t\t\t<span class=\"elementor-counter-number-prefix\"><\/span>\r\n\t\t\t\t\t<span class=\"count\">1500<\/span>\r\n\t\t\t\t\t<span class=\"elementor-counter-number-suffix\">+<\/span>\r\n\t\t\t\t<\/div>\r\n\t\t\t\t\t\t\t\t\t<div class=\"elementor-counter-title elementor-counter-title elementor-counter-title elementor-counter-title\">Zamkni\u0119ty magazyn M2<\/div>\r\n\t\t\t\t\t\t\t<\/div>\r\n\t\t<\/div>\r\n\t\t\t<\/div>\r\n\t\t\t<\/div>\n\t\t\t\t<\/div>\n\t\t\t\t\t<\/div>\n\t\t<\/div>\n\t\t\t\t\t\t\t<\/div>\n\t\t<\/section>\n\t\t\t\t\t<\/div>\n\t\t<\/div>\n\t\t\t\t\t\t\t<\/div>\n\t\t<\/section>\n\t\t\t\t<section class=\"elementor-section elementor-top-section elementor-element elementor-element-a1cdf56 elementor-section-boxed elementor-section-height-default elementor-section-height-default\" data-id=\"a1cdf56\" data-element_type=\"section\" data-settings=\"{&quot;background_background&quot;:&quot;classic&quot;}\">\n\t\t\t\t\t\t\t<div class=\"elementor-background-overlay\"><\/div>\n\t\t\t\t\t\t\t<div class=\"elementor-container elementor-column-gap-default\">\n\t\t\t\t\t<div class=\"elementor-column elementor-col-100 elementor-top-column elementor-element elementor-element-564ade4a\" data-id=\"564ade4a\" data-element_type=\"column\">\n\t\t\t<div class=\"elementor-widget-wrap elementor-element-populated\">\n\t\t\t\t\t\t\t\t<div class=\"elementor-element elementor-element-6fda5a06 elementor-widget elementor-widget-section-head\" data-id=\"6fda5a06\" data-element_type=\"widget\" data-widget_type=\"section-head.default\">\n\t\t\t\t<div class=\"elementor-widget-container\">\n\t\t\t\t\t<div class=\"section-title s-section-title\">\r\n\t\t\t            <span class=\"line wow \">NES<\/span>\r\n                        <h2>\r\n            \t            \t<span class=\"tl1\" >DLACZEGO MY<\/span>\r\n            \t            <\/h2>\r\n                        <h2 class=\"bg-title\">NES<\/h2>\r\n        \t      <\/div>\r\n\t\t\t<\/div>\n\t\t\t\t<\/div>\n\t\t\t\t<section class=\"elementor-section elementor-inner-section elementor-element elementor-element-5c546616 elementor-section-boxed elementor-section-height-default elementor-section-height-default\" data-id=\"5c546616\" data-element_type=\"section\">\n\t\t\t\t\t\t<div class=\"elementor-container elementor-column-gap-default\">\n\t\t\t\t\t<div class=\"elementor-column elementor-col-33 elementor-inner-column elementor-element elementor-element-6c240abf\" data-id=\"6c240abf\" data-element_type=\"column\">\n\t\t\t<div class=\"elementor-widget-wrap elementor-element-populated\">\n\t\t\t\t\t\t\t\t<div class=\"elementor-element elementor-element-38e41fcb elementor-widget elementor-widget-single-icon-item\" data-id=\"38e41fcb\" data-element_type=\"widget\" data-widget_type=\"single-icon-item.default\">\n\t\t\t\t<div class=\"elementor-widget-container\">\n\t\t\t\r\n      <div class=\"single-features text-left\">\r\n      \t         \t<div class=\"features-icon\">\r\n         \t\t<i class=\"ifs-icon fal fa-medal\"><\/i>\r\n         \t<\/div>\r\n                  <div class=\"features-content typography_style\">\r\n                     \t<h4 >BEZKONKURENCYJNY TRANSPORT<\/h4>\r\n         \t            <p >Logistyka jest na og\u00f3\u0142 szczeg\u00f3\u0142ow\u0105 organizacj\u0105 i realizacj\u0105 z\u0142o\u017conej operacji. W og\u00f3le s\u0105 rozwi\u0105zania biznesowe.<\/p>\r\n                     <\/div>\r\n      <\/div>\r\n\r\n      \t\t<\/div>\n\t\t\t\t<\/div>\n\t\t\t\t\t<\/div>\n\t\t<\/div>\n\t\t\t\t<div class=\"elementor-column elementor-col-33 elementor-inner-column elementor-element elementor-element-2a462560\" data-id=\"2a462560\" data-element_type=\"column\">\n\t\t\t<div class=\"elementor-widget-wrap elementor-element-populated\">\n\t\t\t\t\t\t\t\t<div class=\"elementor-element elementor-element-48ceac7f elementor-widget elementor-widget-single-icon-item\" data-id=\"48ceac7f\" data-element_type=\"widget\" data-widget_type=\"single-icon-item.default\">\n\t\t\t\t<div class=\"elementor-widget-container\">\n\t\t\t\r\n      <div class=\"single-features text-left\">\r\n      \t         \t<div class=\"features-icon\">\r\n         \t\t<i class=\"ifs-icon fal fa-meteor\"><\/i>\r\n         \t<\/div>\r\n                  <div class=\"features-content typography_style\">\r\n                     \t<h4 >PRZECHOWYWANIE<\/h4>\r\n         \t            <p >Jako Nes Logistics \u015bwiadczymy us\u0142ugi magazynowe dla naszych klient\u00f3w dzi\u0119ki naszemu magazynowi o powierzchni 1500 metr\u00f3w kwadratowych.<\/p>\r\n                     <\/div>\r\n      <\/div>\r\n\r\n      \t\t<\/div>\n\t\t\t\t<\/div>\n\t\t\t\t\t<\/div>\n\t\t<\/div>\n\t\t\t\t<div class=\"elementor-column elementor-col-33 elementor-inner-column elementor-element elementor-element-73af70c0\" data-id=\"73af70c0\" data-element_type=\"column\">\n\t\t\t<div class=\"elementor-widget-wrap elementor-element-populated\">\n\t\t\t\t\t\t\t\t<div class=\"elementor-element elementor-element-48727e83 elementor-widget elementor-widget-single-icon-item\" data-id=\"48727e83\" data-element_type=\"widget\" data-widget_type=\"single-icon-item.default\">\n\t\t\t\t<div class=\"elementor-widget-container\">\n\t\t\t\r\n      <div class=\"single-features text-left\">\r\n      \t         \t<div class=\"features-icon\">\r\n         \t\t<i class=\"ifs-icon fal fa-map-marked-alt\"><\/i>\r\n         \t<\/div>\r\n                  <div class=\"features-content typography_style\">\r\n                     \t<h4 >INSTANT TRACKING<\/h4>\r\n         \t            <p >Wystarczy zadzwoni\u0107, aby natychmiast dowiedzie\u0107 si\u0119, gdzie znajduje si\u0119 powierzony nam \u0142adunek.<\/p>\r\n                     <\/div>\r\n      <\/div>\r\n\r\n      \t\t<\/div>\n\t\t\t\t<\/div>\n\t\t\t\t\t<\/div>\n\t\t<\/div>\n\t\t\t\t\t\t\t<\/div>\n\t\t<\/section>\n\t\t\t\t<section class=\"elementor-section elementor-inner-section elementor-element elementor-element-171a6901 elementor-section-boxed elementor-section-height-default elementor-section-height-default\" data-id=\"171a6901\" data-element_type=\"section\">\n\t\t\t\t\t\t<div class=\"elementor-container elementor-column-gap-default\">\n\t\t\t\t\t<div class=\"elementor-column elementor-col-33 elementor-inner-column elementor-element elementor-element-347d4e2e\" data-id=\"347d4e2e\" data-element_type=\"column\">\n\t\t\t<div class=\"elementor-widget-wrap elementor-element-populated\">\n\t\t\t\t\t\t\t\t<div class=\"elementor-element elementor-element-6e022113 elementor-widget elementor-widget-single-icon-item\" data-id=\"6e022113\" data-element_type=\"widget\" data-widget_type=\"single-icon-item.default\">\n\t\t\t\t<div class=\"elementor-widget-container\">\n\t\t\t\r\n      <div class=\"single-features text-left\">\r\n      \t         \t<div class=\"features-icon\">\r\n         \t\t<i class=\"ifs-icon fal fa-shield-alt\"><\/i>\r\n         \t<\/div>\r\n                  <div class=\"features-content typography_style\">\r\n                     \t<h4 >BEZPIECZE\u0143STWO OBS\u0141UGI<\/h4>\r\n         \t            <p >Jako Nes Logistic ka\u017cdy \u0142adunek w naszym poje\u017adzie traktujemy z ogromn\u0105 ostro\u017cno\u015bci\u0105 i dbamy o jego bezpiecze\u0144stwo<\/p>\r\n                     <\/div>\r\n      <\/div>\r\n\r\n      \t\t<\/div>\n\t\t\t\t<\/div>\n\t\t\t\t\t<\/div>\n\t\t<\/div>\n\t\t\t\t<div class=\"elementor-column elementor-col-33 elementor-inner-column elementor-element elementor-element-5cd452b5\" data-id=\"5cd452b5\" data-element_type=\"column\">\n\t\t\t<div class=\"elementor-widget-wrap elementor-element-populated\">\n\t\t\t\t\t\t\t\t<div class=\"elementor-element elementor-element-be8ef10 elementor-widget elementor-widget-single-icon-item\" data-id=\"be8ef10\" data-element_type=\"widget\" data-widget_type=\"single-icon-item.default\">\n\t\t\t\t<div class=\"elementor-widget-container\">\n\t\t\t\r\n      <div class=\"single-features text-left\">\r\n      \t         \t<div class=\"features-icon\">\r\n         \t\t<i class=\"ifs-icon fal fa-credit-card\"><\/i>\r\n         \t<\/div>\r\n                  <div class=\"features-content typography_style\">\r\n                     \t<h4 >METODY P\u0141ATNO\u015aCI<\/h4>\r\n         \t            <p >Staramy si\u0119 oferowa\u0107 naszym klientom r\u00f3\u017cne metody p\u0142atno\u015bci, aby u\u0142atwi\u0107 naszym klientom obs\u0142ug\u0119.<\/p>\r\n                     <\/div>\r\n      <\/div>\r\n\r\n      \t\t<\/div>\n\t\t\t\t<\/div>\n\t\t\t\t\t<\/div>\n\t\t<\/div>\n\t\t\t\t<div class=\"elementor-column elementor-col-33 elementor-inner-column elementor-element elementor-element-43f93da9\" data-id=\"43f93da9\" data-element_type=\"column\" data-settings=\"{&quot;background_background&quot;:&quot;classic&quot;}\">\n\t\t\t<div class=\"elementor-widget-wrap elementor-element-populated\">\n\t\t\t\t\t<div class=\"elementor-background-overlay\"><\/div>\n\t\t\t\t\t\t\t\t<div class=\"elementor-element elementor-element-5553e482 elementor-widget elementor-widget-section-head\" data-id=\"5553e482\" data-element_type=\"widget\" data-widget_type=\"section-head.default\">\n\t\t\t\t<div class=\"elementor-widget-container\">\n\t\t\t\t\t<div class=\"section-title \">\r\n\t\t\t            <span class=\"line wow \">Jeste\u015bmy tutaj!<\/span>\r\n                        <h2>\r\n            \t            \t<span class=\"tl1\" >OFERT\u0118 MO\u017bESZ OTRZYMA\u0106 OD NAS.<\/span>\r\n            \t            <\/h2>\r\n                  <\/div>\r\n\t\t\t<\/div>\n\t\t\t\t<\/div>\n\t\t\t\t<div class=\"elementor-element elementor-element-6d88cff5 elementor-widget elementor-widget-geoport-button\" data-id=\"6d88cff5\" data-element_type=\"widget\" data-widget_type=\"geoport-button.default\">\n\t\t\t\t<div class=\"elementor-widget-container\">\n\t\t\t\t\t<div class=\"geoport-button-wrapper\">\r\n\t\t<a href=\"\/pl\/\/iletisim\" target=\"_blank\" rel=\"nofollow\" class=\"geoport-btn btn\"><i class=\"ifs-icon fal fa-paper-plane\">\r\n\t\t\t<\/i>Uzyskaj wycen\u0119<\/a>\t\t<\/div>\r\n\t\t\t<\/div>\n\t\t\t\t<\/div>\n\t\t\t\t\t<\/div>\n\t\t<\/div>\n\t\t\t\t\t\t\t<\/div>\n\t\t<\/section>\n\t\t\t\t\t<\/div>\n\t\t<\/div>\n\t\t\t\t\t\t\t<\/div>\n\t\t<\/section>\n\t\t\t\t\t\t\t<\/div>\n\t\t","protected":false},"excerpt":{"rendered":"<p>Logistyka Nes W jakich krajach jeste\u015bmy? Jako Nes Logistics, nast\u0119puj\u0105ce kraje nale\u017c\u0105 do kraj\u00f3w, w kt\u00f3rych nasze us\u0142ugi s\u0105 kontynuowane dla zadowolenia naszych klient\u00f3w. TURCJA TURCJA , Jako NES Logistics kontynuujemy nasze us\u0142ugi w Turcji od ponad 20 lat z naszym magazynem o powierzchni 1500 m2 i zaawansowan\u0105 flot\u0105 transportow\u0105 Skontaktuj si\u0119 z nami Polska [&hellip;]<\/p>\n","protected":false},"author":1,"featured_media":0,"parent":0,"menu_order":0,"comment_status":"closed","ping_status":"closed","template":"page-template\/blank-page-sidebar.php","meta":{"footnotes":""},"class_list":["post-3650","page","type-page","status-publish","hentry"],"_links":{"self":[{"href":"https:\/\/www.neslogistics.com\/pl\/wp-json\/wp\/v2\/pages\/3650","targetHints":{"allow":["GET"]}}],"collection":[{"href":"https:\/\/www.neslogistics.com\/pl\/wp-json\/wp\/v2\/pages"}],"about":[{"href":"https:\/\/www.neslogistics.com\/pl\/wp-json\/wp\/v2\/types\/page"}],"author":[{"embeddable":true,"href":"https:\/\/www.neslogistics.com\/pl\/wp-json\/wp\/v2\/users\/1"}],"replies":[{"embeddable":true,"href":"https:\/\/www.neslogistics.com\/pl\/wp-json\/wp\/v2\/comments?post=3650"}],"version-history":[{"count":19,"href":"https:\/\/www.neslogistics.com\/pl\/wp-json\/wp\/v2\/pages\/3650\/revisions"}],"predecessor-version":[{"id":3866,"href":"https:\/\/www.neslogistics.com\/pl\/wp-json\/wp\/v2\/pages\/3650\/revisions\/3866"}],"wp:attachment":[{"href":"https:\/\/www.neslogistics.com\/pl\/wp-json\/wp\/v2\/media?parent=3650"}],"curies":[{"name":"wp","href":"https:\/\/api.w.org\/{rel}","templated":true}]}}