{"id":3607,"date":"2022-10-14T20:21:38","date_gmt":"2022-10-14T20:21:38","guid":{"rendered":"https:\/\/www.neslogistics.com\/?page_id=3607"},"modified":"2022-10-20T16:23:47","modified_gmt":"2022-10-20T16:23:47","slug":"o-nas","status":"publish","type":"page","link":"https:\/\/www.neslogistics.com\/pl\/o-nas\/","title":{"rendered":"O nas"},"content":{"rendered":"\t\t<div data-elementor-type=\"wp-page\" data-elementor-id=\"3607\" class=\"elementor elementor-3607\">\n\t\t\t\t\t\t\t\t\t<section class=\"elementor-section elementor-top-section elementor-element elementor-element-26e8d99 elementor-section-boxed elementor-section-height-default elementor-section-height-default\" data-id=\"26e8d99\" data-element_type=\"section\" data-settings=\"{&quot;background_background&quot;:&quot;classic&quot;}\">\n\t\t\t\t\t\t<div class=\"elementor-container elementor-column-gap-default\">\n\t\t\t\t\t<div class=\"elementor-column elementor-col-50 elementor-top-column elementor-element elementor-element-b7829ff\" data-id=\"b7829ff\" data-element_type=\"column\">\n\t\t\t<div class=\"elementor-widget-wrap elementor-element-populated\">\n\t\t\t\t\t\t\t\t<div class=\"elementor-element elementor-element-ba2bd0e reset-max-width about-page-counter elementor-widget elementor-widget-image\" data-id=\"ba2bd0e\" data-element_type=\"widget\" data-widget_type=\"image.default\">\n\t\t\t\t<div class=\"elementor-widget-container\">\n\t\t\t<style>\/*! elementor - v3.7.2 - 21-08-2022 *\/\n.elementor-widget-image{text-align:center}.elementor-widget-image a{display:inline-block}.elementor-widget-image a img[src$=\".svg\"]{width:48px}.elementor-widget-image img{vertical-align:middle;display:inline-block}<\/style>\t\t\t\t\t\t\t\t\t\t\t\t<img loading=\"lazy\" decoding=\"async\" width=\"498\" height=\"550\" src=\"https:\/\/www.neslogistics.com\/wp-content\/uploads\/2022\/09\/nes-lojistik-g-5.jpg\" class=\"attachment-full size-full\" alt=\"\" srcset=\"https:\/\/www.neslogistics.com\/wp-content\/uploads\/2022\/09\/nes-lojistik-g-5.jpg 498w, https:\/\/www.neslogistics.com\/wp-content\/uploads\/2022\/09\/nes-lojistik-g-5-272x300.jpg 272w, https:\/\/www.neslogistics.com\/wp-content\/uploads\/2022\/09\/nes-lojistik-g-5-72x80.jpg 72w\" sizes=\"auto, (max-width: 498px) 100vw, 498px\" \/>\t\t\t\t\t\t\t\t\t\t\t\t\t\t\t<\/div>\n\t\t\t\t<\/div>\n\t\t\t\t<div class=\"elementor-element elementor-element-44ef6a0 elementor-widget elementor-widget-single-counter\" data-id=\"44ef6a0\" data-element_type=\"widget\" data-widget_type=\"single-counter.default\">\n\t\t\t\t<div class=\"elementor-widget-container\">\n\t\t\t\r\n\t<script type=\"text\/javascript\">\r\n\t   jQuery(document).ready(function(){\r\n\t\t\tjQuery(\".counte\").counterUp({\r\n\t\t      delay: 10,\r\n\t\t      time: 2000\r\n\t\t   });\r\n\t   });\r\n\t<\/script> \r\n\r\n\t\t<div class=\"s-about-img text-center\">\r\n\t\t<div class=\"about-exp\" data-background=\"http:\/\/pluginspoint.com\/geoport\/wp-content\/uploads\/2020\/03\/about_exp_bg.png\" style=\"background-image: url(http:\/\/pluginspoint.com\/geoport\/wp-content\/uploads\/2020\/03\/about_exp_bg.png);\">\r\n\t\t\t<h3 class=\"only-counter\">\r\n\t\t\t\t<span class=\"ifinger-prefix\"><\/span>\r\n\t\t\t\t<span class=\"count-style counte\">20<\/span>\r\n\t\t\t\t<span class=\"ifinger-suffix\"><\/span>\r\n\t\t\t<\/h3>\r\n\t\t\t\t\t\t<span class=\"counter-title\">\r\n\t\t\t\tlata do\u015bwiadczenia\t\t\t<\/span>\r\n\t\t\t\t\t<\/div>\r\n\t<\/div>\r\n\t\t\t<\/div>\n\t\t\t\t<\/div>\n\t\t\t\t\t<\/div>\n\t\t<\/div>\n\t\t\t\t<div class=\"elementor-column elementor-col-50 elementor-top-column elementor-element elementor-element-b4fcd24\" data-id=\"b4fcd24\" data-element_type=\"column\">\n\t\t\t<div class=\"elementor-widget-wrap elementor-element-populated\">\n\t\t\t\t\t\t\t\t<section class=\"elementor-section elementor-inner-section elementor-element elementor-element-cfe0813 elementor-section-boxed elementor-section-height-default elementor-section-height-default\" data-id=\"cfe0813\" data-element_type=\"section\">\n\t\t\t\t\t\t<div class=\"elementor-container elementor-column-gap-default\">\n\t\t\t\t\t<div class=\"elementor-column elementor-col-100 elementor-inner-column elementor-element elementor-element-68851f3\" data-id=\"68851f3\" data-element_type=\"column\">\n\t\t\t<div class=\"elementor-widget-wrap elementor-element-populated\">\n\t\t\t\t\t\t\t\t<div class=\"elementor-element elementor-element-00d577b elementor-widget elementor-widget-section-head\" data-id=\"00d577b\" data-element_type=\"widget\" data-widget_type=\"section-head.default\">\n\t\t\t\t<div class=\"elementor-widget-container\">\n\t\t\t\t\t<div class=\"section-title \">\r\n\t\t\t            <span class=\"line wow none\" data-wow-delay=\"0.2s\">O nas<\/span>\r\n                        <h2>\r\n            \t            \t<span class=\"tl1\" >OFERUJEMY 20 LAT DO\u015aWIADCZENIA W ZESPOLE EKSPERT\u00d3W<\/span>\r\n            \t            <\/h2>\r\n                  <\/div>\r\n\t\t\t<\/div>\n\t\t\t\t<\/div>\n\t\t\t\t<div class=\"elementor-element elementor-element-fce3c11 elementor-widget elementor-widget-heading\" data-id=\"fce3c11\" data-element_type=\"widget\" data-widget_type=\"heading.default\">\n\t\t\t\t<div class=\"elementor-widget-container\">\n\t\t\t<style>\/*! elementor - v3.7.2 - 21-08-2022 *\/\n.elementor-heading-title{padding:0;margin:0;line-height:1}.elementor-widget-heading .elementor-heading-title[class*=elementor-size-]>a{color:inherit;font-size:inherit;line-height:inherit}.elementor-widget-heading .elementor-heading-title.elementor-size-small{font-size:15px}.elementor-widget-heading .elementor-heading-title.elementor-size-medium{font-size:19px}.elementor-widget-heading .elementor-heading-title.elementor-size-large{font-size:29px}.elementor-widget-heading .elementor-heading-title.elementor-size-xl{font-size:39px}.elementor-widget-heading .elementor-heading-title.elementor-size-xxl{font-size:59px}<\/style><p class=\"elementor-heading-title elementor-size-default\">Jako <strong>Nes Logistics<\/strong> zako\u0144czyli\u015bmy etapy instalacji w 2001 roku i postawili\u015bmy pierwsze kroki dla naszych klient\u00f3w. Od tego czasu wolimy oferowa\u0107 najlepsze us\u0142ugi, \u0142\u0105cz\u0105c nasze do\u015bwiadczenie i do\u015bwiadczenie, kt\u00f3re dali\u015bmy nam przez lata z naszym profesjonalnym zespo\u0142em.<\/p>\t\t<\/div>\n\t\t\t\t<\/div>\n\t\t\t\t\t<\/div>\n\t\t<\/div>\n\t\t\t\t\t\t\t<\/div>\n\t\t<\/section>\n\t\t\t\t\t<\/div>\n\t\t<\/div>\n\t\t\t\t\t\t\t<\/div>\n\t\t<\/section>\n\t\t\t\t<section class=\"elementor-section elementor-top-section elementor-element elementor-element-cdf26ef elementor-section-boxed elementor-section-height-default elementor-section-height-default\" data-id=\"cdf26ef\" data-element_type=\"section\" data-settings=\"{&quot;background_background&quot;:&quot;classic&quot;}\">\n\t\t\t\t\t\t\t<div class=\"elementor-background-overlay\"><\/div>\n\t\t\t\t\t\t\t<div class=\"elementor-container elementor-column-gap-default\">\n\t\t\t\t\t<div class=\"elementor-column elementor-col-100 elementor-top-column elementor-element elementor-element-65e5ac5\" data-id=\"65e5ac5\" data-element_type=\"column\">\n\t\t\t<div class=\"elementor-widget-wrap elementor-element-populated\">\n\t\t\t\t\t\t\t\t<section class=\"elementor-section elementor-inner-section elementor-element elementor-element-cd7404c elementor-section-content-middle elementor-section-boxed elementor-section-height-default elementor-section-height-default\" data-id=\"cd7404c\" data-element_type=\"section\">\n\t\t\t\t\t\t<div class=\"elementor-container elementor-column-gap-default\">\n\t\t\t\t\t<div class=\"elementor-column elementor-col-33 elementor-inner-column elementor-element elementor-element-37ce80e\" data-id=\"37ce80e\" data-element_type=\"column\">\n\t\t\t<div class=\"elementor-widget-wrap\">\n\t\t\t\t\t\t\t\t\t<\/div>\n\t\t<\/div>\n\t\t\t\t<div class=\"elementor-column elementor-col-33 elementor-inner-column elementor-element elementor-element-1797088\" data-id=\"1797088\" data-element_type=\"column\">\n\t\t\t<div class=\"elementor-widget-wrap elementor-element-populated\">\n\t\t\t\t\t\t\t\t<div class=\"elementor-element elementor-element-3f7e858 elementor-view-framed elementor-shape-circle elementor-widget elementor-widget-icon\" data-id=\"3f7e858\" data-element_type=\"widget\" data-widget_type=\"icon.default\">\n\t\t\t\t<div class=\"elementor-widget-container\">\n\t\t\t\t\t<div class=\"elementor-icon-wrapper\">\n\t\t\t<div class=\"elementor-icon\">\n\t\t\t<i aria-hidden=\"true\" class=\"fas fa-truck-moving\"><\/i>\t\t\t<\/div>\n\t\t<\/div>\n\t\t\t\t<\/div>\n\t\t\t\t<\/div>\n\t\t\t\t<div class=\"elementor-element elementor-element-18a6f89 elementor-widget elementor-widget-section-head\" data-id=\"18a6f89\" data-element_type=\"widget\" data-widget_type=\"section-head.default\">\n\t\t\t\t<div class=\"elementor-widget-container\">\n\t\t\t\t\t<div class=\"section-title \">\r\n\t\t\t            <span class=\"wow \">LOGISTYKA NES<\/span>\r\n                        <h2>\r\n            \t            \t<span class=\"tl1\" >BEZPROBLEMOWE US\u0141UGI LOGISTYCZNE <\/span>\r\n            \t            <\/h2>\r\n                  <\/div>\r\n\t\t\t<\/div>\n\t\t\t\t<\/div>\n\t\t\t\t\t<\/div>\n\t\t<\/div>\n\t\t\t\t<div class=\"elementor-column elementor-col-33 elementor-inner-column elementor-element elementor-element-dc393cb\" data-id=\"dc393cb\" data-element_type=\"column\">\n\t\t\t<div class=\"elementor-widget-wrap\">\n\t\t\t\t\t\t\t\t\t<\/div>\n\t\t<\/div>\n\t\t\t\t\t\t\t<\/div>\n\t\t<\/section>\n\t\t\t\t\t<\/div>\n\t\t<\/div>\n\t\t\t\t\t\t\t<\/div>\n\t\t<\/section>\n\t\t\t\t<section class=\"elementor-section elementor-top-section elementor-element elementor-element-82d5a64 elementor-section-boxed elementor-section-height-default elementor-section-height-default\" data-id=\"82d5a64\" data-element_type=\"section\">\n\t\t\t\t\t\t<div class=\"elementor-container elementor-column-gap-default\">\n\t\t\t\t\t<div class=\"elementor-column elementor-col-50 elementor-top-column elementor-element elementor-element-31b429a\" data-id=\"31b429a\" data-element_type=\"column\">\n\t\t\t<div class=\"elementor-widget-wrap elementor-element-populated\">\n\t\t\t\t\t\t\t\t<div class=\"elementor-element elementor-element-af7e463 elementor-widget elementor-widget-section-head\" data-id=\"af7e463\" data-element_type=\"widget\" data-widget_type=\"section-head.default\">\n\t\t\t\t<div class=\"elementor-widget-container\">\n\t\t\t\t\t<div class=\"section-title \">\r\n\t\t\t            <span class=\"line wow \">O nas<\/span>\r\n                        <h2>\r\n            \t            \t<span class=\"tl1\" >US\u0141UGI  OSZCZ\u0118DZAJ\u0104CE  CZAS<\/span>\r\n            \t            <\/h2>\r\n                  <\/div>\r\n\t\t\t<\/div>\n\t\t\t\t<\/div>\n\t\t\t\t<div class=\"elementor-element elementor-element-3f1d2d4 elementor-widget elementor-widget-heading\" data-id=\"3f1d2d4\" data-element_type=\"widget\" data-widget_type=\"heading.default\">\n\t\t\t\t<div class=\"elementor-widget-container\">\n\t\t\t<p class=\"elementor-heading-title elementor-size-default\">Przyj\u0119li\u015bmy si\u0119 by\u0107 firm\u0105 odnosz\u0105c\u0105 sukcesy w dziedzinie dobrego planowania czasu, co jest najlepszym zyskiem w dziedzinie <strong>Transportu<\/strong>.<\/p>\t\t<\/div>\n\t\t\t\t<\/div>\n\t\t\t\t<div class=\"elementor-element elementor-element-31a2b54 elementor-widget elementor-widget-heading\" data-id=\"31a2b54\" data-element_type=\"widget\" data-widget_type=\"heading.default\">\n\t\t\t\t<div class=\"elementor-widget-container\">\n\t\t\t<p class=\"elementor-heading-title elementor-size-default\">To fakt, \u017ce kontynuujemy nasze us\u0142ugi dzi\u0119ki naszym pojazdom z zagranicznymi tablicami rejestracyjnymi, kt\u00f3re zawsze pomagaj\u0105 nam by\u0107 w czo\u0142\u00f3wce w najlepszym planowaniu czasu. Nawi\u0105zuj\u0105c relacje agencyjne z najcenniejszymi i najwa\u017cniejszymi <strong>firmami transportowymi<\/strong> w ca\u0142ej Europie, stajemy si\u0119 r\u00f3wnie\u017c ich partnerami w zakresie rozwi\u0105za\u0144.<\/p>\t\t<\/div>\n\t\t\t\t<\/div>\n\t\t\t\t<div class=\"elementor-element elementor-element-788cd1a elementor-widget elementor-widget-heading\" data-id=\"788cd1a\" data-element_type=\"widget\" data-widget_type=\"heading.default\">\n\t\t\t\t<div class=\"elementor-widget-container\">\n\t\t\t<p class=\"elementor-heading-title elementor-size-default\">Z drugiej strony b\u0142yskawicznie reagujemy na potrzeby transportowe naszych klient\u00f3w  ,  dzi\u0119ki naszym pojazdom ,kt\u00f3re spe\u0142niaj\u0105 wszystkie wymogi Unii Europejskiej. Udaje nam si\u0119 jak najlepiej rozplanowa\u0107 dostarczanie towar\u00f3w oszcz\u0119dzaj\u0105c czas naszych klient\u00f3w<\/p>\t\t<\/div>\n\t\t\t\t<\/div>\n\t\t\t\t\t<\/div>\n\t\t<\/div>\n\t\t\t\t<div class=\"elementor-column elementor-col-50 elementor-top-column elementor-element elementor-element-ab44466\" data-id=\"ab44466\" data-element_type=\"column\">\n\t\t\t<div class=\"elementor-widget-wrap elementor-element-populated\">\n\t\t\t\t\t\t\t\t<div class=\"elementor-element elementor-element-ae741ce elementor-widget elementor-widget-animated_image\" data-id=\"ae741ce\" data-element_type=\"widget\" data-widget_type=\"animated_image.default\">\n\t\t\t\t<div class=\"elementor-widget-container\">\n\t\t\t   \t<div class=\"anim-image wow fadeInRight anim-image\" data-wow-delay=\"0.2s\">\n   \t\t        \t<img loading=\"lazy\" decoding=\"async\" width=\"450\" height=\"520\" src=\"https:\/\/www.neslogistics.com\/wp-content\/uploads\/2022\/09\/nes-lojistik-g-3.jpg\" class=\"attachment-large size-large\" alt=\"\" srcset=\"https:\/\/www.neslogistics.com\/wp-content\/uploads\/2022\/09\/nes-lojistik-g-3.jpg 450w, https:\/\/www.neslogistics.com\/wp-content\/uploads\/2022\/09\/nes-lojistik-g-3-260x300.jpg 260w, https:\/\/www.neslogistics.com\/wp-content\/uploads\/2022\/09\/nes-lojistik-g-3-69x80.jpg 69w\" sizes=\"auto, (max-width: 450px) 100vw, 450px\" \/>      \t     <\/div>\n\t\t\t<\/div>\n\t\t\t\t<\/div>\n\t\t\t\t<div class=\"elementor-element elementor-element-67b9b70 elementor-widget elementor-widget-animated_image\" data-id=\"67b9b70\" data-element_type=\"widget\" data-widget_type=\"animated_image.default\">\n\t\t\t\t<div class=\"elementor-widget-container\">\n\t\t\t   \t<div class=\"anim-image wow fadeInUp anim-image\" data-wow-delay=\"0.2s\">\n   \t\t        \t<img loading=\"lazy\" decoding=\"async\" width=\"439\" height=\"288\" src=\"https:\/\/www.neslogistics.com\/wp-content\/uploads\/2022\/09\/nes-lojistik-g-4.jpg\" class=\"attachment-full size-full\" alt=\"\" srcset=\"https:\/\/www.neslogistics.com\/wp-content\/uploads\/2022\/09\/nes-lojistik-g-4.jpg 439w, https:\/\/www.neslogistics.com\/wp-content\/uploads\/2022\/09\/nes-lojistik-g-4-300x197.jpg 300w, https:\/\/www.neslogistics.com\/wp-content\/uploads\/2022\/09\/nes-lojistik-g-4-80x52.jpg 80w\" sizes=\"auto, (max-width: 439px) 100vw, 439px\" \/>      \t     <\/div>\n\t\t\t<\/div>\n\t\t\t\t<\/div>\n\t\t\t\t\t<\/div>\n\t\t<\/div>\n\t\t\t\t\t\t\t<\/div>\n\t\t<\/section>\n\t\t\t\t\t\t\t<\/div>\n\t\t","protected":false},"excerpt":{"rendered":"<p>20 lata do\u015bwiadczenia O nas OFERUJEMY 20 LAT DO\u015aWIADCZENIA W ZESPOLE EKSPERT\u00d3W Jako Nes Logistics zako\u0144czyli\u015bmy etapy instalacji w 2001 roku i postawili\u015bmy pierwsze kroki dla naszych klient\u00f3w. Od tego czasu wolimy oferowa\u0107 najlepsze us\u0142ugi, \u0142\u0105cz\u0105c nasze do\u015bwiadczenie i do\u015bwiadczenie, kt\u00f3re dali\u015bmy nam przez lata z naszym profesjonalnym zespo\u0142em. LOGISTYKA NES BEZPROBLEMOWE US\u0141UGI LOGISTYCZNE O [&hellip;]<\/p>\n","protected":false},"author":1,"featured_media":0,"parent":0,"menu_order":0,"comment_status":"closed","ping_status":"closed","template":"page-template\/blank-page-sidebar.php","meta":{"footnotes":""},"class_list":["post-3607","page","type-page","status-publish","hentry"],"_links":{"self":[{"href":"https:\/\/www.neslogistics.com\/pl\/wp-json\/wp\/v2\/pages\/3607","targetHints":{"allow":["GET"]}}],"collection":[{"href":"https:\/\/www.neslogistics.com\/pl\/wp-json\/wp\/v2\/pages"}],"about":[{"href":"https:\/\/www.neslogistics.com\/pl\/wp-json\/wp\/v2\/types\/page"}],"author":[{"embeddable":true,"href":"https:\/\/www.neslogistics.com\/pl\/wp-json\/wp\/v2\/users\/1"}],"replies":[{"embeddable":true,"href":"https:\/\/www.neslogistics.com\/pl\/wp-json\/wp\/v2\/comments?post=3607"}],"version-history":[{"count":16,"href":"https:\/\/www.neslogistics.com\/pl\/wp-json\/wp\/v2\/pages\/3607\/revisions"}],"predecessor-version":[{"id":3863,"href":"https:\/\/www.neslogistics.com\/pl\/wp-json\/wp\/v2\/pages\/3607\/revisions\/3863"}],"wp:attachment":[{"href":"https:\/\/www.neslogistics.com\/pl\/wp-json\/wp\/v2\/media?parent=3607"}],"curies":[{"name":"wp","href":"https:\/\/api.w.org\/{rel}","templated":true}]}}