{"id":3556,"date":"2022-10-14T19:45:40","date_gmt":"2022-10-14T19:45:40","guid":{"rendered":"https:\/\/www.neslogistics.com\/?page_id=3556"},"modified":"2023-06-16T18:07:41","modified_gmt":"2023-06-16T18:07:41","slug":"contact","status":"publish","type":"page","link":"https:\/\/www.neslogistics.com\/en\/contact\/","title":{"rendered":"Contact"},"content":{"rendered":"\t\t<div data-elementor-type=\"wp-page\" data-elementor-id=\"3556\" class=\"elementor elementor-3556\">\n\t\t\t\t\t\t\t\t\t<section class=\"elementor-section elementor-top-section elementor-element elementor-element-1e42630 elementor-section-boxed elementor-section-height-default elementor-section-height-default\" data-id=\"1e42630\" data-element_type=\"section\">\n\t\t\t\t\t\t<div class=\"elementor-container elementor-column-gap-default\">\n\t\t\t\t\t<div class=\"elementor-column elementor-col-16 elementor-top-column elementor-element elementor-element-5a86d08\" data-id=\"5a86d08\" data-element_type=\"column\">\n\t\t\t<div class=\"elementor-widget-wrap\">\n\t\t\t\t\t\t\t\t\t<\/div>\n\t\t<\/div>\n\t\t\t\t<div class=\"elementor-column elementor-col-66 elementor-top-column elementor-element elementor-element-c222a50\" data-id=\"c222a50\" data-element_type=\"column\">\n\t\t\t<div class=\"elementor-widget-wrap elementor-element-populated\">\n\t\t\t\t\t\t\t\t<div class=\"elementor-element elementor-element-e99cf4e elementor-widget elementor-widget-section-head-two\" data-id=\"e99cf4e\" data-element_type=\"widget\" data-widget_type=\"section-head-two.default\">\n\t\t\t\t<div class=\"elementor-widget-container\">\n\t\t\t\r\n\t\t<div class=\"section-title-three text-center\">\r\n\t\t\t            \t<span class=\"style3_subtitle\" >Nes Logistics<\/span>\r\n             \r\n            \t            <h2>\r\n\t            \t\t            \t<span class=\"tl1\" >Turkey Contact Information<\/span>\r\n\t            \t\t            <\/h2>\r\n                        \t            <p>\r\n\t            \t\t            \t<span class=\"tl2\" >You can reach our head office and warehouse address in Istanbul.<\/span>\r\n\t            \t\t            <\/p>\r\n                  <\/div>\r\n\t\t\t<\/div>\n\t\t\t\t<\/div>\n\t\t\t\t\t<\/div>\n\t\t<\/div>\n\t\t\t\t<div class=\"elementor-column elementor-col-16 elementor-top-column elementor-element elementor-element-c71321d\" data-id=\"c71321d\" data-element_type=\"column\">\n\t\t\t<div class=\"elementor-widget-wrap\">\n\t\t\t\t\t\t\t\t\t<\/div>\n\t\t<\/div>\n\t\t\t\t\t\t\t<\/div>\n\t\t<\/section>\n\t\t\t\t<section class=\"elementor-section elementor-top-section elementor-element elementor-element-bc66ba9 elementor-section-boxed elementor-section-height-default elementor-section-height-default\" data-id=\"bc66ba9\" data-element_type=\"section\">\n\t\t\t\t\t\t<div class=\"elementor-container elementor-column-gap-default\">\n\t\t\t\t\t<div class=\"elementor-column elementor-col-100 elementor-top-column elementor-element elementor-element-5bb2579\" data-id=\"5bb2579\" data-element_type=\"column\">\n\t\t\t<div class=\"elementor-widget-wrap elementor-element-populated\">\n\t\t\t\t\t\t\t\t<section class=\"elementor-section elementor-inner-section elementor-element elementor-element-ad8f529 elementor-section-boxed elementor-section-height-default elementor-section-height-default\" data-id=\"ad8f529\" data-element_type=\"section\">\n\t\t\t\t\t\t<div class=\"elementor-container elementor-column-gap-default\">\n\t\t\t\t\t<div class=\"elementor-column elementor-col-33 elementor-inner-column elementor-element elementor-element-8f53bdb\" data-id=\"8f53bdb\" data-element_type=\"column\">\n\t\t\t<div class=\"elementor-widget-wrap elementor-element-populated\">\n\t\t\t\t\t\t\t\t<div class=\"elementor-element elementor-element-420ae56 elementor-widget elementor-widget-contact-box\" data-id=\"420ae56\" data-element_type=\"widget\" data-widget_type=\"contact-box.default\">\n\t\t\t\t<div class=\"elementor-widget-container\">\n\t\t\t\r\n      <div class=\"single-contact-box text-center\">\r\n         <div class=\"contact-box-content\">\r\n            <div class=\"contact-icon\">\r\n               \t         \t\t<i class=\"fal fa-map\"><\/i>\r\n\t         \t            <\/div>\r\n                        <h4 >\r\n            \tAddress            <\/h4>\r\n         \t            <p ><b>Headquarters:<\/b> Bur\u00e7 \u0130stanbul Business Center       \nG\u00f6kevler Mah. 2312 Sk No:18J \nKat:5 Daire:49 ESENYURT \/ ISTANBUL\n<br><b>Warehouse:<\/b>\nHurriyet Mah. Violet 2 Cd. No:25, 34537 B\u00fcy\u00fck\u00e7ekmece\/\u0130STANBUL GPS: 41.047387, 28.543707<\/p>\r\n         <\/div>\r\n         <div class=\"contact-box-btn\">\r\n         \t            \t<a href=\"https:\/\/goo.gl\/maps\/tK13B5tmPAk2F9P89\">\r\n                        \t\t         \t\t<i class=\"fal fa-map\"><\/i>\r\n\t         \tGet Directions         \t\t<\/a>\r\n         <\/div>\r\n         <div class=\"contact-box-big-icon\">\r\n                     \t\t<i class=\"fal fa-map\"><\/i>\r\n         \t         <\/div>\r\n      <\/div>\r\n\r\n\t\t\t<\/div>\n\t\t\t\t<\/div>\n\t\t\t\t\t<\/div>\n\t\t<\/div>\n\t\t\t\t<div class=\"elementor-column elementor-col-33 elementor-inner-column elementor-element elementor-element-92d8ccc\" data-id=\"92d8ccc\" data-element_type=\"column\">\n\t\t\t<div class=\"elementor-widget-wrap elementor-element-populated\">\n\t\t\t\t\t\t\t\t<div class=\"elementor-element elementor-element-14c0d25 elementor-widget elementor-widget-contact-box\" data-id=\"14c0d25\" data-element_type=\"widget\" data-widget_type=\"contact-box.default\">\n\t\t\t\t<div class=\"elementor-widget-container\">\n\t\t\t\r\n      <div class=\"single-contact-box text-center\">\r\n         <div class=\"contact-box-content\">\r\n            <div class=\"contact-icon\">\r\n               \t         \t\t<i class=\"fal fa-phone\"><\/i>\r\n\t         \t            <\/div>\r\n                        <h4 >\r\n            \tPhone            <\/h4>\r\n         \t            <p ><b>Tel:<\/b> +90 (212) 424 16 37\n<br><\/br>\n<b>Fax:<\/b> +90 (212) 424 47 45\n<br><\/br>\n<br><\/br><br><\/p>\r\n         <\/div>\r\n         <div class=\"contact-box-btn\">\r\n         \t            \t<a>\r\n                        \t\t         \t\t<i class=\"fal fa-phone\"><\/i>\r\n\t         \tCall Us         \t\t<\/a>\r\n         <\/div>\r\n         <div class=\"contact-box-big-icon\">\r\n                     \t\t<i class=\"fal fa-phone\"><\/i>\r\n         \t         <\/div>\r\n      <\/div>\r\n\r\n\t\t\t<\/div>\n\t\t\t\t<\/div>\n\t\t\t\t\t<\/div>\n\t\t<\/div>\n\t\t\t\t<div class=\"elementor-column elementor-col-33 elementor-inner-column elementor-element elementor-element-2a35835\" data-id=\"2a35835\" data-element_type=\"column\">\n\t\t\t<div class=\"elementor-widget-wrap elementor-element-populated\">\n\t\t\t\t\t\t\t\t<div class=\"elementor-element elementor-element-7a75ec8 elementor-widget elementor-widget-contact-box\" data-id=\"7a75ec8\" data-element_type=\"widget\" data-widget_type=\"contact-box.default\">\n\t\t\t\t<div class=\"elementor-widget-container\">\n\t\t\t\r\n      <div class=\"single-contact-box text-center\">\r\n         <div class=\"contact-box-content\">\r\n            <div class=\"contact-icon\">\r\n               \t         \t\t<i class=\"fal fa-envelope\"><\/i>\r\n\t         \t            <\/div>\r\n                        <h4 >\r\n            \tE-Mail            <\/h4>\r\n         \t            <p >info@neslogistics.com\n<br><\/br>\n<br><\/br>\n<br><\/br>\n<br><\/p>\r\n         <\/div>\r\n         <div class=\"contact-box-btn\">\r\n         \t            \t<a href=\"mailto:info@neslogistics.com\">\r\n                        \t\t         \t\t<i class=\"fal fa-envelope\"><\/i>\r\n\t         \tSend Mail         \t\t<\/a>\r\n         <\/div>\r\n         <div class=\"contact-box-big-icon\">\r\n                     \t\t<i class=\"fal fa-envelope\"><\/i>\r\n         \t         <\/div>\r\n      <\/div>\r\n\r\n\t\t\t<\/div>\n\t\t\t\t<\/div>\n\t\t\t\t\t<\/div>\n\t\t<\/div>\n\t\t\t\t\t\t\t<\/div>\n\t\t<\/section>\n\t\t\t\t\t<\/div>\n\t\t<\/div>\n\t\t\t\t\t\t\t<\/div>\n\t\t<\/section>\n\t\t\t\t<section class=\"elementor-section elementor-top-section elementor-element elementor-element-4a2b0224 elementor-section-boxed elementor-section-height-default elementor-section-height-default\" data-id=\"4a2b0224\" data-element_type=\"section\">\n\t\t\t\t\t\t<div class=\"elementor-container elementor-column-gap-default\">\n\t\t\t\t\t<div class=\"elementor-column elementor-col-16 elementor-top-column elementor-element elementor-element-5944a1ee\" data-id=\"5944a1ee\" data-element_type=\"column\">\n\t\t\t<div class=\"elementor-widget-wrap\">\n\t\t\t\t\t\t\t\t\t<\/div>\n\t\t<\/div>\n\t\t\t\t<div class=\"elementor-column elementor-col-66 elementor-top-column elementor-element elementor-element-545f93d6\" data-id=\"545f93d6\" data-element_type=\"column\">\n\t\t\t<div class=\"elementor-widget-wrap elementor-element-populated\">\n\t\t\t\t\t\t\t\t<div class=\"elementor-element elementor-element-72ee1057 elementor-widget elementor-widget-section-head-two\" data-id=\"72ee1057\" data-element_type=\"widget\" data-widget_type=\"section-head-two.default\">\n\t\t\t\t<div class=\"elementor-widget-container\">\n\t\t\t\r\n\t\t<div class=\"section-title-three text-center\">\r\n\t\t\t            \t<span class=\"style3_subtitle\" >Nes Logistics<\/span>\r\n             \r\n            \t            <h2>\r\n\t            \t\t            \t<span class=\"tl1\" >Poland Contact Information<\/span>\r\n\t            \t\t            <\/h2>\r\n                        \t            <p>\r\n\t            \t\t            \t<span class=\"tl2\" >You can reach our office and warehouse address in Poland.<\/span>\r\n\t            \t\t            <\/p>\r\n                  <\/div>\r\n\t\t\t<\/div>\n\t\t\t\t<\/div>\n\t\t\t\t\t<\/div>\n\t\t<\/div>\n\t\t\t\t<div class=\"elementor-column elementor-col-16 elementor-top-column elementor-element elementor-element-f4111f1\" data-id=\"f4111f1\" data-element_type=\"column\">\n\t\t\t<div class=\"elementor-widget-wrap\">\n\t\t\t\t\t\t\t\t\t<\/div>\n\t\t<\/div>\n\t\t\t\t\t\t\t<\/div>\n\t\t<\/section>\n\t\t\t\t<section class=\"elementor-section elementor-top-section elementor-element elementor-element-9dd53b9 elementor-section-boxed elementor-section-height-default elementor-section-height-default\" data-id=\"9dd53b9\" data-element_type=\"section\">\n\t\t\t\t\t\t<div class=\"elementor-container elementor-column-gap-default\">\n\t\t\t\t\t<div class=\"elementor-column elementor-col-100 elementor-top-column elementor-element elementor-element-c6e97eb\" data-id=\"c6e97eb\" data-element_type=\"column\">\n\t\t\t<div class=\"elementor-widget-wrap elementor-element-populated\">\n\t\t\t\t\t\t\t\t<section class=\"elementor-section elementor-inner-section elementor-element elementor-element-b9f813c elementor-section-boxed elementor-section-height-default elementor-section-height-default\" data-id=\"b9f813c\" data-element_type=\"section\">\n\t\t\t\t\t\t<div class=\"elementor-container elementor-column-gap-default\">\n\t\t\t\t\t<div class=\"elementor-column elementor-col-33 elementor-inner-column elementor-element elementor-element-732bc61\" data-id=\"732bc61\" data-element_type=\"column\">\n\t\t\t<div class=\"elementor-widget-wrap elementor-element-populated\">\n\t\t\t\t\t\t\t\t<div class=\"elementor-element elementor-element-24748dd elementor-widget elementor-widget-contact-box\" data-id=\"24748dd\" data-element_type=\"widget\" data-widget_type=\"contact-box.default\">\n\t\t\t\t<div class=\"elementor-widget-container\">\n\t\t\t\r\n      <div class=\"single-contact-box text-center\">\r\n         <div class=\"contact-box-content\">\r\n            <div class=\"contact-icon\">\r\n               \t         \t\t<i class=\"fal fa-map\"><\/i>\r\n\t         \t            <\/div>\r\n                        <h4 >\r\n            \tAddress            <\/h4>\r\n         \t            <p ><b>Poland Branch:<\/b>  ul.Cienista 7<br>43-502 CZECHOWICE-DZIEDZICE<br>       NIP:6462978743\n<br><b>Repository:<\/b> ul. Cienista 7 43-502 CZECHOWICE-DZIEDZICE\nSiedziba firm: ul. Fabryczna 2<\/p>\r\n         <\/div>\r\n         <div class=\"contact-box-btn\">\r\n         \t            \t<a href=\"https:\/\/goo.gl\/maps\/tK13B5tmPAk2F9P89\">\r\n                        \t\t         \t\t<i class=\"fal fa-map\"><\/i>\r\n\t         \tGet Directions         \t\t<\/a>\r\n         <\/div>\r\n         <div class=\"contact-box-big-icon\">\r\n                     \t\t<i class=\"fal fa-map\"><\/i>\r\n         \t         <\/div>\r\n      <\/div>\r\n\r\n\t\t\t<\/div>\n\t\t\t\t<\/div>\n\t\t\t\t\t<\/div>\n\t\t<\/div>\n\t\t\t\t<div class=\"elementor-column elementor-col-33 elementor-inner-column elementor-element elementor-element-143b408\" data-id=\"143b408\" data-element_type=\"column\">\n\t\t\t<div class=\"elementor-widget-wrap elementor-element-populated\">\n\t\t\t\t\t\t\t\t<div class=\"elementor-element elementor-element-60a73ea elementor-widget elementor-widget-contact-box\" data-id=\"60a73ea\" data-element_type=\"widget\" data-widget_type=\"contact-box.default\">\n\t\t\t\t<div class=\"elementor-widget-container\">\n\t\t\t\r\n      <div class=\"single-contact-box text-center\">\r\n         <div class=\"contact-box-content\">\r\n            <div class=\"contact-icon\">\r\n               \t         \t\t<i class=\"fal fa-phone\"><\/i>\r\n\t         \t            <\/div>\r\n                        <h4 >\r\n            \tPhone            <\/h4>\r\n         \t            <p ><b>Tel:<\/b> +48 504 109 885\n<br><\/br>\n<br><\/br><br>\n<\/p>\r\n         <\/div>\r\n         <div class=\"contact-box-btn\">\r\n         \t            \t<a>\r\n                        \t\t         \t\t<i class=\"fal fa-phone\"><\/i>\r\n\t         \tCall Us         \t\t<\/a>\r\n         <\/div>\r\n         <div class=\"contact-box-big-icon\">\r\n                     \t\t<i class=\"fal fa-phone\"><\/i>\r\n         \t         <\/div>\r\n      <\/div>\r\n\r\n\t\t\t<\/div>\n\t\t\t\t<\/div>\n\t\t\t\t\t<\/div>\n\t\t<\/div>\n\t\t\t\t<div class=\"elementor-column elementor-col-33 elementor-inner-column elementor-element elementor-element-1ab2b4d\" data-id=\"1ab2b4d\" data-element_type=\"column\">\n\t\t\t<div class=\"elementor-widget-wrap elementor-element-populated\">\n\t\t\t\t\t\t\t\t<div class=\"elementor-element elementor-element-65c578d elementor-widget elementor-widget-contact-box\" data-id=\"65c578d\" data-element_type=\"widget\" data-widget_type=\"contact-box.default\">\n\t\t\t\t<div class=\"elementor-widget-container\">\n\t\t\t\r\n      <div class=\"single-contact-box text-center\">\r\n         <div class=\"contact-box-content\">\r\n            <div class=\"contact-icon\">\r\n               \t         \t\t<i class=\"fal fa-envelope\"><\/i>\r\n\t         \t            <\/div>\r\n                        <h4 >\r\n            \tE-Mail            <\/h4>\r\n         \t            <p >office@neslogistics.com\n<br><\/br>\n<br><\/br>\n<br>\n<\/p>\r\n         <\/div>\r\n         <div class=\"contact-box-btn\">\r\n         \t            \t<a href=\"mailto:office@neslogistics.com\">\r\n                        \t\t         \t\t<i class=\"fal fa-envelope\"><\/i>\r\n\t         \tSend Mail         \t\t<\/a>\r\n         <\/div>\r\n         <div class=\"contact-box-big-icon\">\r\n                     \t\t<i class=\"fal fa-envelope\"><\/i>\r\n         \t         <\/div>\r\n      <\/div>\r\n\r\n\t\t\t<\/div>\n\t\t\t\t<\/div>\n\t\t\t\t\t<\/div>\n\t\t<\/div>\n\t\t\t\t\t\t\t<\/div>\n\t\t<\/section>\n\t\t\t\t\t<\/div>\n\t\t<\/div>\n\t\t\t\t\t\t\t<\/div>\n\t\t<\/section>\n\t\t\t\t<section class=\"elementor-section elementor-top-section elementor-element elementor-element-bee28ec elementor-section-full_width elementor-section-height-default elementor-section-height-default\" data-id=\"bee28ec\" data-element_type=\"section\">\n\t\t\t\t\t\t<div class=\"elementor-container elementor-column-gap-default\">\n\t\t\t\t\t<div class=\"elementor-column elementor-col-100 elementor-top-column elementor-element elementor-element-5daad72\" data-id=\"5daad72\" data-element_type=\"column\">\n\t\t\t<div class=\"elementor-widget-wrap elementor-element-populated\">\n\t\t\t\t\t\t\t\t<div class=\"elementor-element elementor-element-28a7859 elementor-widget elementor-widget-google_maps\" data-id=\"28a7859\" data-element_type=\"widget\" data-widget_type=\"google_maps.default\">\n\t\t\t\t<div class=\"elementor-widget-container\">\n\t\t\t<style>\/*! elementor - v3.7.2 - 21-08-2022 *\/\n.elementor-widget-google_maps .elementor-widget-container{overflow:hidden}.elementor-widget-google_maps iframe{height:300px}<\/style>\t\t<div class=\"elementor-custom-embed\">\n\t\t\t<iframe frameborder=\"0\" scrolling=\"no\" marginheight=\"0\" marginwidth=\"0\"\n\t\t\t\t\tsrc=\"https:\/\/maps.google.com\/maps?q=Cumhuriyet%20Mah%20G%C3%BCrp%C4%B1nar%20Yolu%20Cad.Kele%C5%9F%20Plaza%20No%3A2%20K%3A6%20D%3A95%2F96%2C%2034500%20B%C3%BCy%C3%BCk%C3%A7ekmece%2F%C4%B0stanbul&#038;t=m&#038;z=15&#038;output=embed&#038;iwloc=near\"\n\t\t\t\t\ttitle=\"Cumhuriyet Mah G\u00fcrp\u0131nar Yolu Cad.Kele\u015f Plaza No:2 K:6 D:95\/96, 34500 B\u00fcy\u00fck\u00e7ekmece\/\u0130stanbul\"\n\t\t\t\t\taria-label=\"Cumhuriyet Mah G\u00fcrp\u0131nar Yolu Cad.Kele\u015f Plaza No:2 K:6 D:95\/96, 34500 B\u00fcy\u00fck\u00e7ekmece\/\u0130stanbul\"\n\t\t\t><\/iframe>\n\t\t<\/div>\n\t\t\t\t<\/div>\n\t\t\t\t<\/div>\n\t\t\t\t<section class=\"elementor-section elementor-inner-section elementor-element elementor-element-b7d0c43 contact-page-map elementor-section-boxed elementor-section-height-default elementor-section-height-default\" data-id=\"b7d0c43\" data-element_type=\"section\">\n\t\t\t\t\t\t<div class=\"elementor-container elementor-column-gap-default\">\n\t\t\t\t\t<div class=\"elementor-column elementor-col-100 elementor-inner-column elementor-element elementor-element-94d74f1\" data-id=\"94d74f1\" data-element_type=\"column\" data-settings=\"{&quot;background_background&quot;:&quot;classic&quot;}\">\n\t\t\t<div class=\"elementor-widget-wrap elementor-element-populated\">\n\t\t\t\t\t\t\t\t<div class=\"elementor-element elementor-element-39a57be elementor-widget elementor-widget-heading\" data-id=\"39a57be\" data-element_type=\"widget\" data-widget_type=\"heading.default\">\n\t\t\t\t<div class=\"elementor-widget-container\">\n\t\t\t<style>\/*! elementor - v3.7.2 - 21-08-2022 *\/\n.elementor-heading-title{padding:0;margin:0;line-height:1}.elementor-widget-heading .elementor-heading-title[class*=elementor-size-]>a{color:inherit;font-size:inherit;line-height:inherit}.elementor-widget-heading .elementor-heading-title.elementor-size-small{font-size:15px}.elementor-widget-heading .elementor-heading-title.elementor-size-medium{font-size:19px}.elementor-widget-heading .elementor-heading-title.elementor-size-large{font-size:29px}.elementor-widget-heading .elementor-heading-title.elementor-size-xl{font-size:39px}.elementor-widget-heading .elementor-heading-title.elementor-size-xxl{font-size:59px}<\/style><h2 class=\"elementor-heading-title elementor-size-default\">\nYOU CAN REACH US RIGHT HERE<\/h2>\t\t<\/div>\n\t\t\t\t<\/div>\n\t\t\t\t<div class=\"elementor-element elementor-element-fd502f8 text-center elementor-widget elementor-widget-shortcode\" data-id=\"fd502f8\" data-element_type=\"widget\" data-widget_type=\"shortcode.default\">\n\t\t\t\t<div class=\"elementor-widget-container\">\n\t\t\t\t\t<div class=\"elementor-shortcode\"><div role=\"form\" class=\"wpcf7\" id=\"wpcf7-f3560-o1\" lang=\"en-US\" dir=\"ltr\">\n<div class=\"screen-reader-response\"><p role=\"status\" aria-live=\"polite\" aria-atomic=\"true\"><\/p> <ul><\/ul><\/div>\n<form action=\"\/en\/wp-json\/wp\/v2\/pages\/3556#wpcf7-f3560-o1\" method=\"post\" class=\"wpcf7-form init\" novalidate=\"novalidate\" data-status=\"init\">\n<div style=\"display: none;\">\n<input type=\"hidden\" name=\"_wpcf7\" value=\"3560\" \/>\n<input type=\"hidden\" name=\"_wpcf7_version\" value=\"5.6.2\" \/>\n<input type=\"hidden\" name=\"_wpcf7_locale\" value=\"en_US\" \/>\n<input type=\"hidden\" name=\"_wpcf7_unit_tag\" value=\"wpcf7-f3560-o1\" \/>\n<input type=\"hidden\" name=\"_wpcf7_container_post\" value=\"0\" \/>\n<input type=\"hidden\" name=\"_wpcf7_posted_data_hash\" value=\"\" \/>\n<\/div>\n<div class=\"c-form-group\"><i class=\"fal fa-user\"><\/i> <span class=\"wpcf7-form-control-wrap\" data-name=\"your-name\"><input type=\"text\" name=\"your-name\" value=\"\" size=\"40\" class=\"wpcf7-form-control wpcf7-text wpcf7-validates-as-required\" aria-required=\"true\" aria-invalid=\"false\" placeholder=\"Name\" \/><\/span><\/div>\n<div class=\"c-form-group\"><i class=\"fal fa-envelope\"><\/i> <span class=\"wpcf7-form-control-wrap\" data-name=\"your-email\"><input type=\"email\" name=\"your-email\" value=\"\" size=\"40\" class=\"wpcf7-form-control wpcf7-text wpcf7-email wpcf7-validates-as-required wpcf7-validates-as-email\" aria-required=\"true\" aria-invalid=\"false\" placeholder=\"Email\" \/><\/span><\/div>\n<div class=\"c-form-group\"><i class=\"fal fa-edit\"><\/i> <span class=\"wpcf7-form-control-wrap\" data-name=\"your-message\"><textarea name=\"your-message\" cols=\"40\" rows=\"10\" class=\"wpcf7-form-control wpcf7-textarea\" aria-invalid=\"false\" placeholder=\"Your Message\"><\/textarea><\/span><\/div>\n<p><button class=\"btn orange-btn\"><i class=\"fal fa-paper-plane\"><\/i> Send Us<\/button><\/p>\n<div class=\"wpcf7-response-output\" aria-hidden=\"true\"><\/div><\/form><\/div><\/div>\n\t\t\t\t<\/div>\n\t\t\t\t<\/div>\n\t\t\t\t\t<\/div>\n\t\t<\/div>\n\t\t\t\t\t\t\t<\/div>\n\t\t<\/section>\n\t\t\t\t\t<\/div>\n\t\t<\/div>\n\t\t\t\t\t\t\t<\/div>\n\t\t<\/section>\n\t\t\t\t\t\t\t<\/div>\n\t\t","protected":false},"excerpt":{"rendered":"<p>Nes Logistics Turkey Contact Information You can reach our head office and warehouse address in Istanbul. Address Headquarters: Bur\u00e7 \u0130stanbul Business Center G\u00f6kevler Mah. 2312 Sk No:18J Kat:5 Daire:49 ESENYURT \/ ISTANBUL Warehouse: Hurriyet Mah. Violet 2 Cd. No:25, 34537 B\u00fcy\u00fck\u00e7ekmece\/\u0130STANBUL GPS: 41.047387, 28.543707 Get Directions Phone Tel: +90 (212) 424 16 37 Fax: +90 [&hellip;]<\/p>\n","protected":false},"author":1,"featured_media":0,"parent":0,"menu_order":0,"comment_status":"closed","ping_status":"closed","template":"page-template\/blank-page-sidebar.php","meta":{"footnotes":""},"class_list":["post-3556","page","type-page","status-publish","hentry"],"_links":{"self":[{"href":"https:\/\/www.neslogistics.com\/en\/wp-json\/wp\/v2\/pages\/3556","targetHints":{"allow":["GET"]}}],"collection":[{"href":"https:\/\/www.neslogistics.com\/en\/wp-json\/wp\/v2\/pages"}],"about":[{"href":"https:\/\/www.neslogistics.com\/en\/wp-json\/wp\/v2\/types\/page"}],"author":[{"embeddable":true,"href":"https:\/\/www.neslogistics.com\/en\/wp-json\/wp\/v2\/users\/1"}],"replies":[{"embeddable":true,"href":"https:\/\/www.neslogistics.com\/en\/wp-json\/wp\/v2\/comments?post=3556"}],"version-history":[{"count":14,"href":"https:\/\/www.neslogistics.com\/en\/wp-json\/wp\/v2\/pages\/3556\/revisions"}],"predecessor-version":[{"id":3916,"href":"https:\/\/www.neslogistics.com\/en\/wp-json\/wp\/v2\/pages\/3556\/revisions\/3916"}],"wp:attachment":[{"href":"https:\/\/www.neslogistics.com\/en\/wp-json\/wp\/v2\/media?parent=3556"}],"curies":[{"name":"wp","href":"https:\/\/api.w.org\/{rel}","templated":true}]}}