{"id":3536,"date":"2022-10-14T19:38:18","date_gmt":"2022-10-14T19:38:18","guid":{"rendered":"https:\/\/www.neslogistics.com\/?page_id=3536"},"modified":"2022-10-24T10:46:34","modified_gmt":"2022-10-24T10:46:34","slug":"services","status":"publish","type":"page","link":"https:\/\/www.neslogistics.com\/en\/services\/","title":{"rendered":"Services"},"content":{"rendered":"\t\t<div data-elementor-type=\"wp-page\" data-elementor-id=\"3536\" class=\"elementor elementor-3536\">\n\t\t\t\t\t\t\t\t\t<section class=\"elementor-section elementor-top-section elementor-element elementor-element-5c793a2 elementor-section-full_width elementor-section-height-default elementor-section-height-default\" data-id=\"5c793a2\" data-element_type=\"section\">\n\t\t\t\t\t\t<div class=\"elementor-container elementor-column-gap-default\">\n\t\t\t\t\t<div class=\"elementor-column elementor-col-100 elementor-top-column elementor-element elementor-element-5a916923\" data-id=\"5a916923\" data-element_type=\"column\">\n\t\t\t<div class=\"elementor-widget-wrap elementor-element-populated\">\n\t\t\t\t\t\t\t\t<div class=\"elementor-element elementor-element-7c1db74e elementor-widget elementor-widget-section-head\" data-id=\"7c1db74e\" data-element_type=\"widget\" data-widget_type=\"section-head.default\">\n\t\t\t\t<div class=\"elementor-widget-container\">\n\t\t\t\t\t<div class=\"section-title s-section-title\">\r\n\t\t\t            <span class=\"line wow \">SERVICES<\/span>\r\n                        <h2>\r\n            \t            \t<span class=\"tl1\" >What are we doing<\/span>\r\n            \t            <\/h2>\r\n                        <h2 class=\"bg-title\">SERVICES<\/h2>\r\n        \t      <\/div>\r\n\t\t\t<\/div>\n\t\t\t\t<\/div>\n\t\t\t\t<section class=\"elementor-section elementor-inner-section elementor-element elementor-element-424badf6 elementor-section-boxed elementor-section-height-default elementor-section-height-default\" data-id=\"424badf6\" data-element_type=\"section\">\n\t\t\t\t\t\t<div class=\"elementor-container elementor-column-gap-default\">\n\t\t\t\t\t<div class=\"elementor-column elementor-col-33 elementor-inner-column elementor-element elementor-element-4b375728\" data-id=\"4b375728\" data-element_type=\"column\">\n\t\t\t<div class=\"elementor-widget-wrap elementor-element-populated\">\n\t\t\t\t\t\t\t\t<div class=\"elementor-element elementor-element-5506954c elementor-widget elementor-widget-single-icon-item\" data-id=\"5506954c\" data-element_type=\"widget\" data-widget_type=\"single-icon-item.default\">\n\t\t\t\t<div class=\"elementor-widget-container\">\n\t\t\t\t\t\r\n\t\t<div class=\"single-services text-center\">\r\n         <div class=\"services-icon\">\r\n                         \t<img decoding=\"async\" src=\"https:\/\/www.neslogistics.com\/wp-content\/uploads\/2022\/09\/delivery-truck-2.png\" alt=\"img\">\r\n         \t         <\/div>\r\n         <div class=\"services-content typography_style\">\r\n                        <h4 >\r\n            \t<a href=\"https:\/\/www.neslogistics.com\/karayolu-tasimaciligi\/\" target=\"_self\" rel=\"nofollow\" class=\"icon-box-btn\">Roadway transportation <\/a>            <\/h4>\r\n         \t            <p >As Nes Logistics, we ensure quality services by providing tracking with satellite linked tracking system with our EURO6 model vehicles.<\/p>\r\n         <\/div>\r\n      <\/div>\r\n\r\n\t\t\t\t<\/div>\n\t\t\t\t<\/div>\n\t\t\t\t\t<\/div>\n\t\t<\/div>\n\t\t\t\t<div class=\"elementor-column elementor-col-33 elementor-inner-column elementor-element elementor-element-7817302\" data-id=\"7817302\" data-element_type=\"column\">\n\t\t\t<div class=\"elementor-widget-wrap elementor-element-populated\">\n\t\t\t\t\t\t\t\t<div class=\"elementor-element elementor-element-456def08 elementor-widget elementor-widget-single-icon-item\" data-id=\"456def08\" data-element_type=\"widget\" data-widget_type=\"single-icon-item.default\">\n\t\t\t\t<div class=\"elementor-widget-container\">\n\t\t\t\t\t\r\n\t\t<div class=\"single-services text-center\">\r\n         <div class=\"services-icon\">\r\n                         \t<img decoding=\"async\" src=\"https:\/\/www.neslogistics.com\/wp-content\/uploads\/2022\/09\/warehouse-1.png\" alt=\"img\">\r\n         \t         <\/div>\r\n         <div class=\"services-content typography_style\">\r\n                        <h4 >\r\n            \t<a href=\"https:\/\/www.neslogistics.com\/lojistik-hizmetleri\/\" target=\"_self\" rel=\"nofollow\" class=\"icon-box-btn\">Logistics Services<\/a>            <\/h4>\r\n         \t            <p >Lojistik hizmetini m\u00fc\u015fterilerimiz i\u00e7in kaliteli bir \u015fekilde sunuyoruz. Buna ek bir\u00e7ok depolama hizmeti f\u0131rsatlar\u0131m\u0131z mevcuttur.<\/p>\r\n         <\/div>\r\n      <\/div>\r\n\r\n\t\t\t\t<\/div>\n\t\t\t\t<\/div>\n\t\t\t\t\t<\/div>\n\t\t<\/div>\n\t\t\t\t<div class=\"elementor-column elementor-col-33 elementor-inner-column elementor-element elementor-element-1f1def3\" data-id=\"1f1def3\" data-element_type=\"column\">\n\t\t\t<div class=\"elementor-widget-wrap elementor-element-populated\">\n\t\t\t\t\t\t\t\t<div class=\"elementor-element elementor-element-58882cb4 elementor-widget elementor-widget-single-icon-item\" data-id=\"58882cb4\" data-element_type=\"widget\" data-widget_type=\"single-icon-item.default\">\n\t\t\t\t<div class=\"elementor-widget-container\">\n\t\t\t\t\t\r\n\t\t<div class=\"single-services text-center\">\r\n         <div class=\"services-icon\">\r\n                         \t<img decoding=\"async\" src=\"https:\/\/www.neslogistics.com\/wp-content\/uploads\/2022\/09\/coronavirus-1.png\" alt=\"img\">\r\n         \t         <\/div>\r\n         <div class=\"services-content typography_style\">\r\n                        <h4 >\r\n            \t<a href=\"https:\/\/www.neslogistics.com\/gumrukleme\/\" target=\"_self\" rel=\"nofollow\" class=\"icon-box-btn\">Customs Clearence<\/a>            <\/h4>\r\n         \t            <p >From the first day we\u2019ve started our services, we continue to move forward with the understanding of providing a perfect service for you.<\/p>\r\n         <\/div>\r\n      <\/div>\r\n\r\n\t\t\t\t<\/div>\n\t\t\t\t<\/div>\n\t\t\t\t\t<\/div>\n\t\t<\/div>\n\t\t\t\t\t\t\t<\/div>\n\t\t<\/section>\n\t\t\t\t<section class=\"elementor-section elementor-inner-section elementor-element elementor-element-34de37fd elementor-section-boxed elementor-section-height-default elementor-section-height-default\" data-id=\"34de37fd\" data-element_type=\"section\">\n\t\t\t\t\t\t<div class=\"elementor-container elementor-column-gap-default\">\n\t\t\t\t\t<div class=\"elementor-column elementor-col-33 elementor-inner-column elementor-element elementor-element-43a2ef07\" data-id=\"43a2ef07\" data-element_type=\"column\">\n\t\t\t<div class=\"elementor-widget-wrap elementor-element-populated\">\n\t\t\t\t\t\t\t\t<div class=\"elementor-element elementor-element-63465578 elementor-widget elementor-widget-single-icon-item\" data-id=\"63465578\" data-element_type=\"widget\" data-widget_type=\"single-icon-item.default\">\n\t\t\t\t<div class=\"elementor-widget-container\">\n\t\t\t\t\t\r\n\t\t<div class=\"single-services text-center\">\r\n         <div class=\"services-icon\">\r\n                         \t<img decoding=\"async\" src=\"https:\/\/www.neslogistics.com\/wp-content\/uploads\/2022\/09\/route.png\" alt=\"img\">\r\n         \t         <\/div>\r\n         <div class=\"services-content typography_style\">\r\n                        <h4 >\r\n            \t<a href=\"https:\/\/www.neslogistics.com\/kapidan-kapiya-lojistik\/\" target=\"_self\" rel=\"nofollow\" class=\"icon-box-btn\">Door to Door Logistics <\/a>            <\/h4>\r\n         \t            <p >You will not have any difficulties with our logistics service as board to board. All you have to do is contact with us.<\/p>\r\n         <\/div>\r\n      <\/div>\r\n\r\n\t\t\t\t<\/div>\n\t\t\t\t<\/div>\n\t\t\t\t\t<\/div>\n\t\t<\/div>\n\t\t\t\t<div class=\"elementor-column elementor-col-33 elementor-inner-column elementor-element elementor-element-66002747\" data-id=\"66002747\" data-element_type=\"column\">\n\t\t\t<div class=\"elementor-widget-wrap elementor-element-populated\">\n\t\t\t\t\t\t\t\t<div class=\"elementor-element elementor-element-1aa19aec elementor-widget elementor-widget-single-icon-item\" data-id=\"1aa19aec\" data-element_type=\"widget\" data-widget_type=\"single-icon-item.default\">\n\t\t\t\t<div class=\"elementor-widget-container\">\n\t\t\t\t\t\r\n\t\t<div class=\"single-services text-center\">\r\n         <div class=\"services-icon\">\r\n                         \t<img decoding=\"async\" src=\"https:\/\/www.neslogistics.com\/wp-content\/uploads\/2022\/09\/warehouse.png\" alt=\"img\">\r\n         \t         <\/div>\r\n         <div class=\"services-content typography_style\">\r\n                        <h4 >\r\n            \t<a href=\"https:\/\/www.neslogistics.com\/depolama-hizmetleri\/\" target=\"_self\" rel=\"nofollow\" class=\"icon-box-btn\">Storage Services<\/a>            <\/h4>\r\n         \t            <p >As Nes Logistics, we continue to offer warehousing services to all our customers who prefer us.<\/p>\r\n         <\/div>\r\n      <\/div>\r\n\r\n\t\t\t\t<\/div>\n\t\t\t\t<\/div>\n\t\t\t\t\t<\/div>\n\t\t<\/div>\n\t\t\t\t<div class=\"elementor-column elementor-col-33 elementor-inner-column elementor-element elementor-element-15dd6927\" data-id=\"15dd6927\" data-element_type=\"column\">\n\t\t\t<div class=\"elementor-widget-wrap elementor-element-populated\">\n\t\t\t\t\t\t\t\t<div class=\"elementor-element elementor-element-2afb1f22 elementor-widget elementor-widget-single-icon-item\" data-id=\"2afb1f22\" data-element_type=\"widget\" data-widget_type=\"single-icon-item.default\">\n\t\t\t\t<div class=\"elementor-widget-container\">\n\t\t\t\t\t\r\n\t\t<div class=\"single-services text-center\">\r\n         <div class=\"services-icon\">\r\n                         \t<img decoding=\"async\" src=\"https:\/\/www.neslogistics.com\/wp-content\/uploads\/2022\/09\/customs.png\" alt=\"img\">\r\n         \t         <\/div>\r\n         <div class=\"services-content typography_style\">\r\n                        <h4 >\r\n            \t<a href=\"https:\/\/www.neslogistics.com\/gumruk-hizmetleri\/\" target=\"_self\" rel=\"nofollow\" class=\"icon-box-btn\">Customs Services<\/a>            <\/h4>\r\n         \t            <p >Thanks to our expert customs team, we provide all necessary customs services according to the needs of our customers who call us.<\/p>\r\n         <\/div>\r\n      <\/div>\r\n\r\n\t\t\t\t<\/div>\n\t\t\t\t<\/div>\n\t\t\t\t\t<\/div>\n\t\t<\/div>\n\t\t\t\t\t\t\t<\/div>\n\t\t<\/section>\n\t\t\t\t\t<\/div>\n\t\t<\/div>\n\t\t\t\t\t\t\t<\/div>\n\t\t<\/section>\n\t\t\t\t<section class=\"elementor-section elementor-top-section elementor-element elementor-element-3e49d445 elementor-section-boxed elementor-section-height-default elementor-section-height-default\" data-id=\"3e49d445\" data-element_type=\"section\" data-settings=\"{&quot;background_background&quot;:&quot;classic&quot;}\">\n\t\t\t\t\t\t\t<div class=\"elementor-background-overlay\"><\/div>\n\t\t\t\t\t\t\t<div class=\"elementor-container elementor-column-gap-default\">\n\t\t\t\t\t<div class=\"elementor-column elementor-col-100 elementor-top-column elementor-element elementor-element-489b819a\" data-id=\"489b819a\" data-element_type=\"column\">\n\t\t\t<div class=\"elementor-widget-wrap elementor-element-populated\">\n\t\t\t\t\t\t\t\t<section class=\"elementor-section elementor-inner-section elementor-element elementor-element-2dff7a45 elementor-section-boxed elementor-section-height-default elementor-section-height-default\" data-id=\"2dff7a45\" data-element_type=\"section\">\n\t\t\t\t\t\t<div class=\"elementor-container elementor-column-gap-default\">\n\t\t\t\t\t<div class=\"elementor-column elementor-col-100 elementor-inner-column elementor-element elementor-element-47d0eddc\" data-id=\"47d0eddc\" data-element_type=\"column\">\n\t\t\t<div class=\"elementor-widget-wrap elementor-element-populated\">\n\t\t\t\t\t\t\t\t<div class=\"elementor-element elementor-element-523062c4 elementor-widget elementor-widget-counter\" data-id=\"523062c4\" data-element_type=\"widget\" data-widget_type=\"counter.default\">\n\t\t\t\t<div class=\"elementor-widget-container\">\n\t\t\t<style>\/*! elementor - v3.7.2 - 21-08-2022 *\/\n.elementor-counter .elementor-counter-number-wrapper{display:-webkit-box;display:-ms-flexbox;display:flex;font-size:69px;font-weight:600;line-height:1}.elementor-counter .elementor-counter-number-prefix,.elementor-counter .elementor-counter-number-suffix{-webkit-box-flex:1;-ms-flex-positive:1;flex-grow:1;white-space:pre-wrap}.elementor-counter .elementor-counter-number-prefix{text-align:right}.elementor-counter .elementor-counter-number-suffix{text-align:left}.elementor-counter .elementor-counter-title{text-align:center;font-size:19px;font-weight:400;line-height:2.5}<\/style>\t<div class=\"row counter-area\">\r\n\t<script type=\"text\/javascript\">\r\n\t   jQuery(document).ready(function(){\r\n\t\t\tjQuery('.count').counterUp({\r\n\t\t      delay: 10,\r\n\t\t      time: 2000\r\n\t\t   });\r\n\t   });\r\n\t<\/script> \r\n\t\r\n\t\t<div class=\"col-lg-3 col-sm-6 single-counter-item\">\r\n\t\t\t<div class=\"elementor-counter text-center geoport-counter\">\r\n\t\t\t\t\t\t\t\t\t<div class=\"counter-icon\">\r\n\t\t         \t\t<img decoding=\"async\" src=\"https:\/\/www.neslogistics.com\/wp-content\/uploads\/2022\/09\/road.png\" alt=\"icon\">\r\n\t\t        \t<\/div>\r\n\t\t      \t\t\t\t\t<div class=\"elementor-counter-number-wrapper\">\r\n\t\t\t\t\t<span class=\"elementor-counter-number-prefix\"><\/span>\r\n\t\t\t\t\t<span class=\"count\">52893<\/span>\r\n\t\t\t\t\t<span class=\"elementor-counter-number-suffix\">+<\/span>\r\n\t\t\t\t<\/div>\r\n\t\t\t\t\t\t\t\t\t<div class=\"elementor-counter-title\">Thousand KM<\/div>\r\n\t\t\t\t\t\t\t<\/div>\r\n\t\t<\/div>\r\n\t\t\r\n\t\t<div class=\"col-lg-3 col-sm-6 single-counter-item\">\r\n\t\t\t<div class=\"elementor-counter text-center geoport-counter\">\r\n\t\t\t\t\t\t\t\t\t<div class=\"counter-icon\">\r\n\t\t         \t\t<img decoding=\"async\" src=\"https:\/\/www.neslogistics.com\/wp-content\/uploads\/2022\/09\/people.png\" alt=\"icon\">\r\n\t\t        \t<\/div>\r\n\t\t      \t\t\t\t\t<div class=\"elementor-counter-number-wrapper\">\r\n\t\t\t\t\t<span class=\"elementor-counter-number-prefix\"><\/span>\r\n\t\t\t\t\t<span class=\"count\">3786<\/span>\r\n\t\t\t\t\t<span class=\"elementor-counter-number-suffix\">+<\/span>\r\n\t\t\t\t<\/div>\r\n\t\t\t\t\t\t\t\t\t<div class=\"elementor-counter-title elementor-counter-title\">Happy Clients <\/div>\r\n\t\t\t\t\t\t\t<\/div>\r\n\t\t<\/div>\r\n\t\t\r\n\t\t<div class=\"col-lg-3 col-sm-6 single-counter-item\">\r\n\t\t\t<div class=\"elementor-counter text-center geoport-counter\">\r\n\t\t\t\t\t\t\t\t\t<div class=\"counter-icon\">\r\n\t\t         \t\t<img decoding=\"async\" src=\"https:\/\/www.neslogistics.com\/wp-content\/uploads\/2022\/09\/delivery-truck-3.png\" alt=\"icon\">\r\n\t\t        \t<\/div>\r\n\t\t      \t\t\t\t\t<div class=\"elementor-counter-number-wrapper\">\r\n\t\t\t\t\t<span class=\"elementor-counter-number-prefix\"><\/span>\r\n\t\t\t\t\t<span class=\"count\">12986<\/span>\r\n\t\t\t\t\t<span class=\"elementor-counter-number-suffix\">+<\/span>\r\n\t\t\t\t<\/div>\r\n\t\t\t\t\t\t\t\t\t<div class=\"elementor-counter-title elementor-counter-title elementor-counter-title\">Load Moved<\/div>\r\n\t\t\t\t\t\t\t<\/div>\r\n\t\t<\/div>\r\n\t\t\r\n\t\t<div class=\"col-lg-3 col-sm-6 single-counter-item\">\r\n\t\t\t<div class=\"elementor-counter text-center geoport-counter\">\r\n\t\t\t\t\t\t\t\t\t<div class=\"counter-icon\">\r\n\t\t         \t\t<img decoding=\"async\" src=\"https:\/\/www.neslogistics.com\/wp-content\/uploads\/2022\/09\/warehouse-2.png\" alt=\"icon\">\r\n\t\t        \t<\/div>\r\n\t\t      \t\t\t\t\t<div class=\"elementor-counter-number-wrapper\">\r\n\t\t\t\t\t<span class=\"elementor-counter-number-prefix\"><\/span>\r\n\t\t\t\t\t<span class=\"count\">1500<\/span>\r\n\t\t\t\t\t<span class=\"elementor-counter-number-suffix\">+<\/span>\r\n\t\t\t\t<\/div>\r\n\t\t\t\t\t\t\t\t\t<div class=\"elementor-counter-title elementor-counter-title elementor-counter-title elementor-counter-title\">M2 Closed Warehouse<\/div>\r\n\t\t\t\t\t\t\t<\/div>\r\n\t\t<\/div>\r\n\t\t\t<\/div>\r\n\t\t\t<\/div>\n\t\t\t\t<\/div>\n\t\t\t\t\t<\/div>\n\t\t<\/div>\n\t\t\t\t\t\t\t<\/div>\n\t\t<\/section>\n\t\t\t\t\t<\/div>\n\t\t<\/div>\n\t\t\t\t\t\t\t<\/div>\n\t\t<\/section>\n\t\t\t\t<section class=\"elementor-section elementor-top-section elementor-element elementor-element-3776decc elementor-section-boxed elementor-section-height-default elementor-section-height-default\" data-id=\"3776decc\" data-element_type=\"section\" data-settings=\"{&quot;background_background&quot;:&quot;classic&quot;}\">\n\t\t\t\t\t\t\t<div class=\"elementor-background-overlay\"><\/div>\n\t\t\t\t\t\t\t<div class=\"elementor-container elementor-column-gap-default\">\n\t\t\t\t\t<div class=\"elementor-column elementor-col-100 elementor-top-column elementor-element elementor-element-523a7916\" data-id=\"523a7916\" data-element_type=\"column\">\n\t\t\t<div class=\"elementor-widget-wrap elementor-element-populated\">\n\t\t\t\t\t\t\t\t<div class=\"elementor-element elementor-element-18aaa0fb elementor-widget elementor-widget-section-head\" data-id=\"18aaa0fb\" data-element_type=\"widget\" data-widget_type=\"section-head.default\">\n\t\t\t\t<div class=\"elementor-widget-container\">\n\t\t\t\t\t<div class=\"section-title s-section-title\">\r\n\t\t\t            <span class=\"line wow \">NES<\/span>\r\n                        <h2>\r\n            \t            \t<span class=\"tl1\" >WHY WE<\/span>\r\n            \t            <\/h2>\r\n                        <h2 class=\"bg-title\">NES<\/h2>\r\n        \t      <\/div>\r\n\t\t\t<\/div>\n\t\t\t\t<\/div>\n\t\t\t\t<section class=\"elementor-section elementor-inner-section elementor-element elementor-element-11243ea4 elementor-section-boxed elementor-section-height-default elementor-section-height-default\" data-id=\"11243ea4\" data-element_type=\"section\">\n\t\t\t\t\t\t<div class=\"elementor-container elementor-column-gap-default\">\n\t\t\t\t\t<div class=\"elementor-column elementor-col-33 elementor-inner-column elementor-element elementor-element-6c8e7498\" data-id=\"6c8e7498\" data-element_type=\"column\">\n\t\t\t<div class=\"elementor-widget-wrap elementor-element-populated\">\n\t\t\t\t\t\t\t\t<div class=\"elementor-element elementor-element-40cd8fb9 elementor-widget elementor-widget-single-icon-item\" data-id=\"40cd8fb9\" data-element_type=\"widget\" data-widget_type=\"single-icon-item.default\">\n\t\t\t\t<div class=\"elementor-widget-container\">\n\t\t\t\r\n      <div class=\"single-features text-left\">\r\n      \t         \t<div class=\"features-icon\">\r\n         \t\t<i class=\"ifs-icon fal fa-medal\"><\/i>\r\n         \t<\/div>\r\n                  <div class=\"features-content typography_style\">\r\n                     \t<h4 >UNRIVALED TRANSPORTATION<\/h4>\r\n         \t            <p >Logistics is generally detailed organization and implementation of a complex operation. Generraly they are the business solutions. <\/p>\r\n                     <\/div>\r\n      <\/div>\r\n\r\n      \t\t<\/div>\n\t\t\t\t<\/div>\n\t\t\t\t\t<\/div>\n\t\t<\/div>\n\t\t\t\t<div class=\"elementor-column elementor-col-33 elementor-inner-column elementor-element elementor-element-43a78e4e\" data-id=\"43a78e4e\" data-element_type=\"column\">\n\t\t\t<div class=\"elementor-widget-wrap elementor-element-populated\">\n\t\t\t\t\t\t\t\t<div class=\"elementor-element elementor-element-43af2a94 elementor-widget elementor-widget-single-icon-item\" data-id=\"43af2a94\" data-element_type=\"widget\" data-widget_type=\"single-icon-item.default\">\n\t\t\t\t<div class=\"elementor-widget-container\">\n\t\t\t\r\n      <div class=\"single-features text-left\">\r\n      \t         \t<div class=\"features-icon\">\r\n         \t\t<i class=\"ifs-icon fal fa-meteor\"><\/i>\r\n         \t<\/div>\r\n                  <div class=\"features-content typography_style\">\r\n                     \t<h4 >STORAGE SERVICE<\/h4>\r\n         \t            <p >As Nes Logistics, we provide warehousing services to our clients with our 1500 square meter warehouse.<\/p>\r\n                     <\/div>\r\n      <\/div>\r\n\r\n      \t\t<\/div>\n\t\t\t\t<\/div>\n\t\t\t\t\t<\/div>\n\t\t<\/div>\n\t\t\t\t<div class=\"elementor-column elementor-col-33 elementor-inner-column elementor-element elementor-element-21dc5873\" data-id=\"21dc5873\" data-element_type=\"column\">\n\t\t\t<div class=\"elementor-widget-wrap elementor-element-populated\">\n\t\t\t\t\t\t\t\t<div class=\"elementor-element elementor-element-46ccc478 elementor-widget elementor-widget-single-icon-item\" data-id=\"46ccc478\" data-element_type=\"widget\" data-widget_type=\"single-icon-item.default\">\n\t\t\t\t<div class=\"elementor-widget-container\">\n\t\t\t\r\n      <div class=\"single-features text-left\">\r\n      \t         \t<div class=\"features-icon\">\r\n         \t\t<i class=\"ifs-icon fal fa-map-marked-alt\"><\/i>\r\n         \t<\/div>\r\n                  <div class=\"features-content typography_style\">\r\n                     \t<h4 >INSTANT TRACKING<\/h4>\r\n         \t            <p >It is easy to make a phone calling to instantly find out your cargo for finding where it is, that cargo you entrusted to us.<\/p>\r\n                     <\/div>\r\n      <\/div>\r\n\r\n      \t\t<\/div>\n\t\t\t\t<\/div>\n\t\t\t\t\t<\/div>\n\t\t<\/div>\n\t\t\t\t\t\t\t<\/div>\n\t\t<\/section>\n\t\t\t\t<section class=\"elementor-section elementor-inner-section elementor-element elementor-element-b33b4f1 elementor-section-boxed elementor-section-height-default elementor-section-height-default\" data-id=\"b33b4f1\" data-element_type=\"section\">\n\t\t\t\t\t\t<div class=\"elementor-container elementor-column-gap-default\">\n\t\t\t\t\t<div class=\"elementor-column elementor-col-33 elementor-inner-column elementor-element elementor-element-2e3054dd\" data-id=\"2e3054dd\" data-element_type=\"column\">\n\t\t\t<div class=\"elementor-widget-wrap elementor-element-populated\">\n\t\t\t\t\t\t\t\t<div class=\"elementor-element elementor-element-3eef5f5f elementor-widget elementor-widget-single-icon-item\" data-id=\"3eef5f5f\" data-element_type=\"widget\" data-widget_type=\"single-icon-item.default\">\n\t\t\t\t<div class=\"elementor-widget-container\">\n\t\t\t\r\n      <div class=\"single-features text-left\">\r\n      \t         \t<div class=\"features-icon\">\r\n         \t\t<i class=\"ifs-icon fal fa-shield-alt\"><\/i>\r\n         \t<\/div>\r\n                  <div class=\"features-content typography_style\">\r\n                     \t<h4 >HANDLING SAFETY<\/h4>\r\n         \t            <p >As Nes Logistics, we think every load in our vehicle as a trust and act confidently in its safety.<\/p>\r\n                     <\/div>\r\n      <\/div>\r\n\r\n      \t\t<\/div>\n\t\t\t\t<\/div>\n\t\t\t\t\t<\/div>\n\t\t<\/div>\n\t\t\t\t<div class=\"elementor-column elementor-col-33 elementor-inner-column elementor-element elementor-element-4366a935\" data-id=\"4366a935\" data-element_type=\"column\">\n\t\t\t<div class=\"elementor-widget-wrap elementor-element-populated\">\n\t\t\t\t\t\t\t\t<div class=\"elementor-element elementor-element-233714d9 elementor-widget elementor-widget-single-icon-item\" data-id=\"233714d9\" data-element_type=\"widget\" data-widget_type=\"single-icon-item.default\">\n\t\t\t\t<div class=\"elementor-widget-container\">\n\t\t\t\r\n      <div class=\"single-features text-left\">\r\n      \t         \t<div class=\"features-icon\">\r\n         \t\t<i class=\"ifs-icon fal fa-credit-card\"><\/i>\r\n         \t<\/div>\r\n                  <div class=\"features-content typography_style\">\r\n                     \t<h4 >PAYMENT METHODS<\/h4>\r\n         \t            <p >We are trying to offer different payment methods to our clients in order to provide easier service to our clients.<\/p>\r\n                     <\/div>\r\n      <\/div>\r\n\r\n      \t\t<\/div>\n\t\t\t\t<\/div>\n\t\t\t\t\t<\/div>\n\t\t<\/div>\n\t\t\t\t<div class=\"elementor-column elementor-col-33 elementor-inner-column elementor-element elementor-element-4f411d7b\" data-id=\"4f411d7b\" data-element_type=\"column\" data-settings=\"{&quot;background_background&quot;:&quot;classic&quot;}\">\n\t\t\t<div class=\"elementor-widget-wrap elementor-element-populated\">\n\t\t\t\t\t<div class=\"elementor-background-overlay\"><\/div>\n\t\t\t\t\t\t\t\t<div class=\"elementor-element elementor-element-5bbf87c3 elementor-widget elementor-widget-section-head\" data-id=\"5bbf87c3\" data-element_type=\"widget\" data-widget_type=\"section-head.default\">\n\t\t\t\t<div class=\"elementor-widget-container\">\n\t\t\t\t\t<div class=\"section-title \">\r\n\t\t\t            <span class=\"line wow \">We are here!<\/span>\r\n                        <h2>\r\n            \t            \t<span class=\"tl1\" >YOU CAN GET AN OFFER FROM US.<\/span>\r\n            \t            <\/h2>\r\n                  <\/div>\r\n\t\t\t<\/div>\n\t\t\t\t<\/div>\n\t\t\t\t<div class=\"elementor-element elementor-element-276015c6 elementor-widget elementor-widget-geoport-button\" data-id=\"276015c6\" data-element_type=\"widget\" data-widget_type=\"geoport-button.default\">\n\t\t\t\t<div class=\"elementor-widget-container\">\n\t\t\t\t\t<div class=\"geoport-button-wrapper\">\r\n\t\t<a href=\"en\/\/iletisim\" target=\"_blank\" rel=\"nofollow\" class=\"geoport-btn btn\"><i class=\"ifs-icon fal fa-paper-plane\">\r\n\t\t\t<\/i>Get a Quote<\/a>\t\t<\/div>\r\n\t\t\t<\/div>\n\t\t\t\t<\/div>\n\t\t\t\t\t<\/div>\n\t\t<\/div>\n\t\t\t\t\t\t\t<\/div>\n\t\t<\/section>\n\t\t\t\t\t<\/div>\n\t\t<\/div>\n\t\t\t\t\t\t\t<\/div>\n\t\t<\/section>\n\t\t\t\t\t\t\t<\/div>\n\t\t","protected":false},"excerpt":{"rendered":"<p>SERVICES What are we doing SERVICES Roadway transportation As Nes Logistics, we ensure quality services by providing tracking with satellite linked tracking system with our EURO6 model vehicles. Logistics Services Lojistik hizmetini m\u00fc\u015fterilerimiz i\u00e7in kaliteli bir \u015fekilde sunuyoruz. Buna ek bir\u00e7ok depolama hizmeti f\u0131rsatlar\u0131m\u0131z mevcuttur. Customs Clearence From the first day we\u2019ve started our services, [&hellip;]<\/p>\n","protected":false},"author":1,"featured_media":0,"parent":0,"menu_order":0,"comment_status":"closed","ping_status":"closed","template":"page-template\/blank-page-sidebar.php","meta":{"footnotes":""},"class_list":["post-3536","page","type-page","status-publish","hentry"],"_links":{"self":[{"href":"https:\/\/www.neslogistics.com\/en\/wp-json\/wp\/v2\/pages\/3536","targetHints":{"allow":["GET"]}}],"collection":[{"href":"https:\/\/www.neslogistics.com\/en\/wp-json\/wp\/v2\/pages"}],"about":[{"href":"https:\/\/www.neslogistics.com\/en\/wp-json\/wp\/v2\/types\/page"}],"author":[{"embeddable":true,"href":"https:\/\/www.neslogistics.com\/en\/wp-json\/wp\/v2\/users\/1"}],"replies":[{"embeddable":true,"href":"https:\/\/www.neslogistics.com\/en\/wp-json\/wp\/v2\/comments?post=3536"}],"version-history":[{"count":14,"href":"https:\/\/www.neslogistics.com\/en\/wp-json\/wp\/v2\/pages\/3536\/revisions"}],"predecessor-version":[{"id":3886,"href":"https:\/\/www.neslogistics.com\/en\/wp-json\/wp\/v2\/pages\/3536\/revisions\/3886"}],"wp:attachment":[{"href":"https:\/\/www.neslogistics.com\/en\/wp-json\/wp\/v2\/media?parent=3536"}],"curies":[{"name":"wp","href":"https:\/\/api.w.org\/{rel}","templated":true}]}}